{"id":1776,"date":"2013-03-29T17:11:25","date_gmt":"2013-03-29T10:11:25","guid":{"rendered":"http:\/\/www.cis.vn\/?page_id=1776"},"modified":"2021-10-08T17:21:11","modified_gmt":"2021-10-08T10:21:11","slug":"dau-tu-investment","status":"publish","type":"page","link":"https:\/\/www.cis.vn\/en\/forms-bieu-mau\/dau-tu-investment\/","title":{"rendered":"Investment"},"content":{"rendered":"<ol>\n<li><a id=\"C310\"><\/a><a href=\"#C311\">C\u1ea4P M\u1edaI GI\u1ea4Y CH\u1ee8NG NH\u1eacN \u0110\u1ea6U T\u01af.<\/a><\/li>\n<li><a href=\"#C312\">\u0110I\u1ec0U CH\u1ec8NH GI\u1ea4Y CH\u1ee8NG NH\u1eacN \u0110\u1ea6U T\u01af\/ GI\u1ea4Y PH\u00c9P \u0110\u1ea6U T\u01af.<\/a><\/li>\n<li><a href=\"#C313\">\u0110\u0102NG K\u00dd L\u1ea0I GI\u1ea4Y CH\u1ee8NG NH\u1eacN \u0110\u1ea6U T\u01af.<\/a><\/li>\n<li><a href=\"#C314\">C\u00c1C M\u1eaaU B\u00c1O C\u00c1O.<\/a><\/li>\n<li><a href=\"#C315\">C\u00c1C V\u0102N B\u1ea2N KH\u00c1C.<\/a><\/li>\n<\/ol>\n<table width=\"100%\" border=\"1\">\n<tbody>\n<tr>\n<td colspan=\"3\">\u00a0<a id=\"C311\"><\/a><span style=\"color: #0000ff;\"><strong>I-C\u1ea4P M\u1edaI GI\u1ea4Y CH\u1ee8NG NH\u1eacN \u0110\u1ea6U T\u01af<\/strong><\/span><em><a href=\"#C310\"> &#8211; V\u1ec1 \u0111\u1ea7u trang<\/a><\/em><\/td>\n<\/tr>\n<tr>\n<td width=\"10%\"><\/td>\n<td width=\"80%\">\u00a01. Doanh nghi\u1ec7p ho\u1ea1t \u0111\u1ed9ng theo GCN \u0111\u1ea7u t\u01b0<\/p>\n<ul>\n<li><span style=\"line-height: 19px;\">D\u1ef1 \u00e1n g\u1eafn li\u1ec1n v\u1edbi th\u00e0nh l\u1eadp doanh nghi\u1ec7p<\/span>\n<ul>\n<li><a href=\"http:\/\/www.cis.vn\/wp-content\/uploads\/2013\/03\/Ban-dang-kyde-nghi-cap-GCNDT_Gan-thanh-lap-Doanh-nghiep_Bieu-mau_CIS.doc\">M\u1eabu v\u0103n b\u1ea3n \u0111\u1ec1 ngh\u1ecb c\u1ea5p GCN \u0111\u1ea7u t\u01b0<\/a><\/li>\n<li><a href=\"http:\/\/www.cis.vn\/wp-content\/uploads\/2013\/03\/Du-thao-Dieu-le-Cong-ty_TNHH-MTV_Bieu-mau_CIS.doc\">M\u1eabu d\u1ef1 th\u1ea3o \u0111i\u1ec1u l\u1ec7 c\u00f4ng ty TNHH MTV<\/a><\/li>\n<li><a href=\"http:\/\/www.cis.vn\/wp-content\/uploads\/2013\/03\/Du-thao-Dieu-le-Cong-ty_TNHH-2TV-Tro-len_Bieu-mau_CIS.doc\">M\u1eabu d\u1ef1 th\u1ea3o \u0111i\u1ec1u l\u1ec7 c\u00f4ng ty TNHH 2TV tr\u1edf l\u00ean<\/a><\/li>\n<li><a href=\"http:\/\/www.cis.vn\/wp-content\/uploads\/2013\/03\/Du-thao-Dieu-le-Cong-ty_Co-phan_Bieu-mau_CIS.doc\">M\u1eabu d\u1ef1 th\u1ea3o \u0111i\u1ec1u l\u1ec7 c\u00f4ng ty c\u1ed5 ph\u1ea7n<\/a><\/li>\n<li><a href=\"http:\/\/www.cis.vn\/wp-content\/uploads\/2013\/03\/Danh-sach-thanh-vien_TNHH-2TV-tro-len_Bieu-mau_CIS.doc\">M\u1eabu danh s\u00e1ch th\u00e0nh vi\u00ean c\u00f4ng ty TNHH 2TV tr\u1edf l\u00ean<\/a><\/li>\n<li><a href=\"http:\/\/www.cis.vn\/wp-content\/uploads\/2013\/03\/Danh-sach-co-dong-sang-lap_Co-phan_Bieu-mau_CIS.doc\">M\u1eabu danh s\u00e1ch c\u1ed5 \u0111\u00f4ng s\u00e1ng l\u1eadp c\u00f4ng ty c\u1ed5 ph\u1ea7n<\/a><\/li>\n<\/ul>\n<\/li>\n<li><span style=\"line-height: 19px;\">D\u1ef1 \u00e1n kh\u00f4ng g\u1eafn v\u1edbi vi\u1ec7c th\u00e0nh l\u1eadp doanh nghi\u1ec7p\/ chi nh\u00e1nh<\/span>\n<ul>\n<li><a href=\"http:\/\/www.cis.vn\/wp-content\/uploads\/2013\/03\/Ban-dang-kyde-nghi-cap-GCNDT_Khong-gan-thanh-lap-Doanh-nghiep-hoac-Chi-nhanh_Bieu-mau_CIS1.doc\">M\u1eabu v\u0103n b\u1ea3n \u0111\u1ec1 ngh\u1ecb c\u1ea5p GCN \u0111\u1ea7u t\u01b0<\/a><\/li>\n<\/ul>\n<\/li>\n<li><span style=\"line-height: 19px;\">Th\u00e0nh l\u1eadp chi nh\u00e1nh &#8211; VP\u0110D g\u1eafn v\u1edbi d\u1ef1 \u00e1n<\/span>\n<ul>\n<li><a href=\"http:\/\/www.cis.vn\/wp-content\/uploads\/2013\/03\/Ban-dang-kyde-nghi-cap-GCNDT_Gan-thanh-lap-Chi-nhanh_Bieu-mau_CIS.doc\">M\u1eabu v\u0103n b\u1ea3n \u0111\u1ec1 ngh\u1ecb c\u1ea5p GCN \u0111\u1ea7u t\u01b0<\/a><\/li>\n<li><a href=\"http:\/\/www.cis.vn\/wp-content\/uploads\/2013\/03\/Quyet-dinh-thanh-lap-Chi-Nhanh-cua-chu-so-huu_TNHH-MTV_Bieu-mau_CIS.doc\">M\u1eabu quy\u1ebft \u0111\u1ecbnh v\u1ec1 vi\u1ec7c th\u00e0nh l\u1eadp chi nh\u00e1nh c\u00f4ng ty TNHH MTV<\/a><\/li>\n<li><a href=\"http:\/\/www.cis.vn\/wp-content\/uploads\/2013\/03\/Quyet-dinh-thanh-lap-Chi-Nhanh-cua-HDTV_TNHH-2TV-tro-len_Bieu-mau_CIS.doc\">M\u1eabu quy\u1ebft \u0111\u1ecbnh v\u1ec1 vi\u1ec7c th\u00e0nh l\u1eadp chi nh\u00e1nh c\u00f4ng ty TNHH 2TV tr\u1edf l\u00ean<\/a><\/li>\n<li><a href=\"http:\/\/www.cis.vn\/wp-content\/uploads\/2013\/03\/Quyet-dinh-thanh-lap-Chi-Nhanh-cua-HDQT_Co-phan_Bieu-mau_CIS.doc\">M\u1eabu quy\u1ebft \u0111\u1ecbnh v\u1ec1 vi\u1ec7c th\u00e0nh l\u1eadp chi nh\u00e1nh c\u00f4ng ty c\u1ed5 ph\u1ea7n<\/a><\/li>\n<li><a href=\"http:\/\/www.cis.vn\/wp-content\/uploads\/2013\/03\/Bien-ban-hop-thanh-lap-Chi-Nhanh-cua-HDTV_TNHH-2TV-tro-len_Bieu-mau_CIS.doc\">M\u1eabu bi\u00ean b\u1ea3n h\u1ecdp v\u1ec1 vi\u1ec7c th\u00e0nh l\u1eadp chi nh\u00e1nh c\u00f4ng ty TNHH 2TV tr\u1edf l\u00ean<\/a><\/li>\n<li><a href=\"http:\/\/www.cis.vn\/wp-content\/uploads\/2013\/03\/Bien-ban-hop-thanh-lap-Chi-Nhanh-cua-HDQT_Co-phan_Bieu-mau_CIS.doc\">M\u1eabu bi\u00ean b\u1ea3n h\u1ecdp v\u1ec1 vi\u1ec7c th\u00e0nh l\u1eadp chi nh\u00e1nh c\u00f4ng ty c\u1ed5 ph\u1ea7n<\/a><\/li>\n<li><a href=\"http:\/\/www.cis.vn\/wp-content\/uploads\/2013\/03\/Quyet-dinh-bo-nhiem-nguoi-dung-dau-Chi-Nhanh_TNHH-MTV_Bieu-mau_CIS.doc\">M\u1eabu quy\u1ebft \u0111\u1ecbnh b\u1ed5 nhi\u1ec7m ng\u01b0\u1eddi \u0111\u1ee9ng \u0111\u1ea7u chi nh\u00e1nh c\u00f4ng ty THNN MTV<\/a><\/li>\n<li><a href=\"http:\/\/www.cis.vn\/wp-content\/uploads\/2013\/03\/Quyet-dinh-bo-nhiem-nguoi-dung-dau-Chi-Nhanh_TNHH-2TV-tro-len_Bieu-mau_CIS.doc\">M\u1eabu quy\u1ebft \u0111\u1ecbnh b\u1ed5 nhi\u1ec7m ng\u01b0\u1eddi \u0111\u1ee9ng \u0111\u1ea7u chi nh\u00e1nh c\u00f4ng ty TNHH 2TV tr\u1edf l\u00ean<\/a><\/li>\n<li><a href=\"http:\/\/www.cis.vn\/wp-content\/uploads\/2013\/03\/Quyet-dinh-bo-nhiem-nguoi-dung-dau-Chi-Nhanh_Co-phan_Bieu-mau_CIS.doc\">M\u1eabu quy\u1ebft \u0111\u1ecbnh b\u1ed5 nhi\u1ec7m ng\u01b0\u1eddi \u0111\u1ee9ng \u0111\u1ea7u chi nh\u00e1nh c\u00f4ng ty c\u1ed5 ph\u1ea7n<\/a><\/li>\n<li><a href=\"http:\/\/www.cis.vn\/wp-content\/uploads\/2013\/03\/Quyet-dinh-bo-nhiem-nguoi-dung-dau-Chi-Nhanh_Hop-danh_Bieu-mau_CIS.doc\">M\u1eabu quy\u1ebft \u0111\u1ecbnh b\u1ed5 nhi\u1ec7m ng\u01b0\u1eddi \u0111\u1ee9ng \u0111\u1ea7u chi nh\u00e1nh c\u00f4ng ty h\u1ee3p danh<\/a><\/li>\n<\/ul>\n<\/li>\n<li><span style=\"line-height: 19px;\">Th\u00e0nh l\u1eadp chi nh\u00e1nh &#8211; VP\u0110D kh\u00f4ng g\u1eafn v\u1edbi d\u1ef1 \u00e1n<\/span>\n<ul>\n<li><a href=\"http:\/\/www.cis.vn\/wp-content\/uploads\/2013\/03\/Thong-bao-thanh-lap-Chi-nhanh_Bieu-mau_CIS.doc\">M\u1eabu th\u00f4ng b\u00e1o th\u00e0nh l\u1eadp<\/a><\/li>\n<li><a href=\"http:\/\/www.cis.vn\/wp-content\/uploads\/2013\/03\/Quyet-dinh-thanh-lap-Chi-Nhanh-cua-chu-so-huu_TNHH-MTV_Bieu-mau_CIS.doc\">M\u1eabu quy\u1ebft \u0111\u1ecbnh v\u1ec1 vi\u1ec7c th\u00e0nh l\u1eadp chi nh\u00e1nh c\u00f4ng ty TNHH MTV<\/a><\/li>\n<li><a href=\"http:\/\/www.cis.vn\/wp-content\/uploads\/2013\/03\/Quyet-dinh-thanh-lap-Chi-Nhanh-cua-HDTV_TNHH-2TV-tro-len_Bieu-mau_CIS.doc\">M\u1eabu quy\u1ebft \u0111\u1ecbnh v\u1ec1 vi\u1ec7c th\u00e0nh l\u1eadp chi nh\u00e1nh c\u00f4ng ty TNHH 2TV tr\u1edf l\u00ean<\/a><\/li>\n<li><a href=\"http:\/\/www.cis.vn\/wp-content\/uploads\/2013\/03\/Quyet-dinh-thanh-lap-Chi-Nhanh-cua-HDQT_Co-phan_Bieu-mau_CIS.doc\">M\u1eabu quy\u1ebft \u0111\u1ecbnh v\u1ec1 vi\u1ec7c th\u00e0nh l\u1eadp chi nh\u00e1nh c\u00f4ng ty c\u1ed5 ph\u1ea7n<\/a><\/li>\n<li><a href=\"http:\/\/www.cis.vn\/wp-content\/uploads\/2013\/03\/Bien-ban-hop-thanh-lap-Chi-Nhanh-cua-HDTV_TNHH-2TV-tro-len_Bieu-mau_CIS.doc\">M\u1eabu bi\u00ean b\u1ea3n h\u1ecdp v\u1ec1 vi\u1ec7c th\u00e0nh l\u1eadp chi nh\u00e1nh c\u00f4ng ty TNHH 2TV tr\u1edf l\u00ean<\/a><\/li>\n<li><a href=\"http:\/\/www.cis.vn\/wp-content\/uploads\/2013\/03\/Bien-ban-hop-thanh-lap-Chi-Nhanh-cua-HDQT_Co-phan_Bieu-mau_CIS.doc\">M\u1eabu bi\u00ean b\u1ea3n h\u1ecdp v\u1ec1 vi\u1ec7c th\u00e0nh l\u1eadp chi nh\u00e1nh c\u00f4ng ty c\u1ed5 ph\u1ea7n<\/a><\/li>\n<li><a href=\"http:\/\/www.cis.vn\/wp-content\/uploads\/2013\/03\/Quyet-dinh-bo-nhiem-nguoi-dung-dau-Chi-Nhanh_TNHH-MTV_Bieu-mau_CIS.doc\">M\u1eabu quy\u1ebft \u0111\u1ecbnh b\u1ed5 nhi\u1ec7m ng\u01b0\u1eddi \u0111\u1ee9ng \u0111\u1ea7u chi nh\u00e1nh c\u00f4ng ty THNN MTV<\/a><\/li>\n<li><a href=\"http:\/\/www.cis.vn\/wp-content\/uploads\/2013\/03\/Quyet-dinh-bo-nhiem-nguoi-dung-dau-Chi-Nhanh_TNHH-2TV-tro-len_Bieu-mau_CIS.doc\">M\u1eabu quy\u1ebft \u0111\u1ecbnh b\u1ed5 nhi\u1ec7m ng\u01b0\u1eddi \u0111\u1ee9ng \u0111\u1ea7u chi nh\u00e1nh c\u00f4ng ty TNHH 2TV tr\u1edf l\u00ean<\/a><\/li>\n<li><a href=\"http:\/\/www.cis.vn\/wp-content\/uploads\/2013\/03\/Quyet-dinh-bo-nhiem-nguoi-dung-dau-Chi-Nhanh_Co-phan_Bieu-mau_CIS.doc\">M\u1eabu quy\u1ebft \u0111\u1ecbnh b\u1ed5 nhi\u1ec7m ng\u01b0\u1eddi \u0111\u1ee9ng \u0111\u1ea7u chi nh\u00e1nh c\u00f4ng ty c\u1ed5 ph\u1ea7n<\/a><\/li>\n<li><a href=\"http:\/\/www.cis.vn\/wp-content\/uploads\/2013\/03\/Quyet-dinh-bo-nhiem-nguoi-dung-dau-Chi-Nhanh_Hop-danh_Bieu-mau_CIS.doc\">M\u1eabu quy\u1ebft \u0111\u1ecbnh b\u1ed5 nhi\u1ec7m ng\u01b0\u1eddi \u0111\u1ee9ng \u0111\u1ea7u chi nh\u00e1nh c\u00f4ng ty h\u1ee3p danh<\/a><\/li>\n<\/ul>\n<\/li>\n<\/ul>\n<\/td>\n<td width=\"10%\"><\/td>\n<\/tr>\n<tr>\n<td width=\"10%\"><\/td>\n<td width=\"80%\">\u00a02. Doanh nghi\u1ec7p ho\u1ea1t \u0111\u1ed9ng theo gi\u1ea5y \u0111\u0103ng k\u00fd kinh doanh<\/p>\n<ul>\n<li><span style=\"line-height: 19px;\">D\u1ef1 \u00e1n \u0111\u0103ng k\u00fd c\u1ea5p GCN \u0111\u1ea7u t\u01b0<\/span>\n<ul>\n<li><a href=\"http:\/\/www.cis.vn\/wp-content\/uploads\/2013\/03\/Ban-dang-kyde-nghi-cap-GCNDT_Khong-gan-thanh-lap-Doanh-nghiep-hoac-Chi-nhanh_Bieu-mau_CIS.doc\">M\u1eabu v\u0103n b\u1ea3n \u0111\u1ec1 ngh\u1ecb c\u1ea5p GCN \u0111\u1ea7u t\u01b0<\/a><\/li>\n<\/ul>\n<\/li>\n<li><span style=\"line-height: 19px;\">D\u1ef1 \u00e1n th\u1ea9m tra c\u1ea5p GCN \u0111\u1ea7u t\u01b0<\/span>\n<ul>\n<li><a href=\"http:\/\/www.cis.vn\/wp-content\/uploads\/2013\/03\/Ban-dang-kyde-nghi-cap-GCNDT_Khong-gan-thanh-lap-Doanh-nghiep-hoac-Chi-nhanh_Bieu-mau_CIS.doc\">M\u1eabu v\u0103n b\u1ea3n \u0111\u1ec1 ngh\u1ecb c\u1ea5p GCN \u0111\u1ea7u t\u01b0<\/a><\/li>\n<\/ul>\n<\/li>\n<\/ul>\n<\/td>\n<td width=\"10%\"><\/td>\n<\/tr>\n<tr>\n<td colspan=\"3\"><\/td>\n<\/tr>\n<\/tbody>\n<\/table>\n<table width=\"100%\" border=\"1\">\n<tbody>\n<tr>\n<td colspan=\"3\">\u00a0<a id=\"C312\"><\/a><span style=\"color: #0000ff;\"><strong>II-\u0110I\u1ec0U CH\u1ec8NH GCN \u0110\u1ea6U T\u01af\/ GI\u1ea4Y PH\u00c9P \u0110\u1ea6U T\u01af<\/strong><\/span><em><a href=\"#C310\"> &#8211; V\u1ec1 \u0111\u1ea7u trang<\/a><\/em><\/td>\n<\/tr>\n<tr>\n<td width=\"10%\"><\/td>\n<td width=\"80%\">\u00a01. Doanh nghi\u1ec7p ho\u1ea1t \u0111\u1ed9ng theo GCN \u0111\u1ea7u t\u01b0<\/p>\n<ul>\n<li><span style=\"line-height: 19px;\">GCN \u0111\u1ea7u t\u01b0 g\u1eafn v\u1edbi vi\u1ec7c th\u00e0nh l\u1eadp doanh nghi\u1ec7p<\/span>\n<ul>\n<li><a href=\"http:\/\/www.cis.vn\/wp-content\/uploads\/2013\/03\/Ban-dang-kyde-nghi-dieu-chinh-GCNDT_Gan-thanh-lap-Doanh-nghiep_Bieu-mau_CIS.doc\">M\u1eabu v\u0103n b\u1ea3n \u0111\u1ec1 ngh\u1ecb \u0111i\u1ec1u ch\u1ec9nh GCN \u0111\u1ea7u t\u01b0<\/a><\/li>\n<\/ul>\n<\/li>\n<li><span style=\"line-height: 19px;\">GCN \u0111\u1ea7u t\u01b0 g\u1eafn v\u1edbi vi\u1ec7c th\u00e0nh l\u1eadp chi nh\u00e1nh<\/span>\n<ul>\n<li><a href=\"http:\/\/www.cis.vn\/wp-content\/uploads\/2013\/03\/Ban-dang-kyde-nghi-dieu-chinh-GCNDT_Gan-thanh-lap-Chi-nhanh_Bieu-mau_CIS.doc\">M\u1eabu v\u0103n b\u1ea3n \u0111\u1ec1 ngh\u1ecb \u0111i\u1ec1u ch\u1ec9nh GCN \u0111\u1ea7u t\u01b0<\/a><\/li>\n<\/ul>\n<\/li>\n<li><span style=\"line-height: 19px;\">GCN \u0111\u1ea7u t\u01b0 kh\u00f4ng g\u1eafn v\u1edbi vi\u1ec7c th\u00e0nh l\u1eadp doanh nghi\u1ec7p\/ chi nh\u00e1nh<\/span>\n<ul>\n<li><a href=\"http:\/\/www.cis.vn\/wp-content\/uploads\/2013\/03\/Ban-dang-kyde-nghi-dieu-chinh-GCNDT_Khong-gan-thanh-lap-Doanh-nghiep-hoac-Chi-nhanh_Bieu-mau_CIS.doc\">M\u1eabu v\u0103n b\u1ea3n \u0111\u1ec1 ngh\u1ecb \u0111i\u1ec1u ch\u1ec9nh GCN \u0111\u1ea7u t\u01b0<\/a><\/li>\n<\/ul>\n<\/li>\n<li><span style=\"line-height: 19px;\">\u0110i\u1ec1u ch\u1ec9nh n\u1ed9i dung \u0111\u0103ng k\u00fd kinh doanh <\/span>\n<ul>\n<li><a href=\"http:\/\/www.cis.vn\/wp-content\/uploads\/2013\/03\/Ban-dang-kyde-nghi-dieu-chinh-GCNDT_Chi-dieu-chinh-noi-dung-dang-ky-doanh-nghiep_Bieu-mau_CIS.doc\">M\u1eabu v\u0103n b\u1ea3n \u0111\u1ec1 ngh\u1ecb \u0111i\u1ec1u ch\u1ec9nh GCN \u0111\u1ea7u t\u01b0<\/a><\/li>\n<\/ul>\n<\/li>\n<\/ul>\n<\/td>\n<td width=\"10%\"><\/td>\n<\/tr>\n<tr>\n<td width=\"10%\"><\/td>\n<td width=\"80%\">\u00a02. Doanh nghi\u1ec7p ho\u1ea1t \u0111\u1ed9ng theo gi\u1ea5y \u0111\u0103ng k\u00fd kinh doanh<\/p>\n<ul>\n<li><span style=\"line-height: 19px;\">D\u1ef1 \u00e1n \u0111\u0103ng k\u00fd c\u1ea5p GCN \u0111\u1ea7u t\u01b0<\/span>\n<ul>\n<li><a href=\"http:\/\/www.cis.vn\/wp-content\/uploads\/2013\/03\/Ban-dang-kyde-nghi-dieu-chinh-GCNDT_Khong-gan-thanh-lap-Doanh-nghiep-hoac-Chi-nhanh_Bieu-mau_CIS1.doc\">M\u1eabu v\u0103n b\u1ea3n \u0111\u1ec1 ngh\u1ecb \u0111i\u1ec1u ch\u1ec9nh GCN \u0111\u1ea7u t\u01b0<\/a><\/li>\n<\/ul>\n<\/li>\n<li><span style=\"line-height: 19px;\">D\u1ef1 \u00e1n th\u1ea9m tra c\u1ea5p GCN \u0111\u1ea7u t\u01b0<\/span>\n<ul>\n<li><a href=\"http:\/\/www.cis.vn\/wp-content\/uploads\/2013\/03\/Ban-dang-kyde-nghi-dieu-chinh-GCNDT_Khong-gan-thanh-lap-Doanh-nghiep-hoac-Chi-nhanh_Bieu-mau_CIS1.doc\">M\u1eabu v\u0103n b\u1ea3n \u0111\u1ec1 ngh\u1ecb \u0111i\u1ec1u ch\u1ec9nh GCN \u0111\u1ea7u t\u01b0<\/a><\/li>\n<\/ul>\n<\/li>\n<\/ul>\n<\/td>\n<td width=\"10%\"><\/td>\n<\/tr>\n<tr>\n<td width=\"10%\"><\/td>\n<td width=\"80%\">\u00a03. \u0110i\u1ec1u ch\u1ec9nh gi\u1ea5y ph\u00e9p \u0111\u1ea7u t\u01b0<\/p>\n<ul>\n<li><span style=\"line-height: 19px;\">Chuy\u1ec3n \u0111\u1ed5i lo\u1ea1i h\u00ecnh doanh nghi\u1ec7p<\/span>\n<ul>\n<li><a href=\"http:\/\/www.cis.vn\/wp-content\/uploads\/2013\/03\/Ban-dang-ky-chuyen-doi-loai-hinh-doanh-nghiep_Bieu-mau_CIS.doc\">M\u1eabu v\u0103n b\u1ea3n \u0111\u0103ng k\u00fd chuy\u1ec3n \u0111\u1ed5i lo\u1ea1i h\u00ecnh<\/a><\/li>\n<\/ul>\n<\/li>\n<li><span style=\"line-height: 19px;\">\u0110i\u1ec1u ch\u1ec9nh gi\u1ea5y ph\u00e9p \u0111\u1ea7u t\u01b0<\/span>\n<ul>\n<li><a href=\"http:\/\/www.cis.vn\/wp-content\/uploads\/2013\/03\/Ban-dang-ky-dieu-chinh-Giay-phep-dau-tu_Bieu-mau_CIS.doc\">M\u1eabu v\u0103n b\u1ea3n \u0111\u1ec1 ngh\u1ecb \u0111i\u1ec1u ch\u1ec9nh gi\u1ea5y ph\u00e9p \u0111\u1ea7u t\u01b0<\/a><\/li>\n<\/ul>\n<\/li>\n<\/ul>\n<\/td>\n<td width=\"10%\"><\/td>\n<\/tr>\n<tr>\n<td colspan=\"3\"><\/td>\n<\/tr>\n<\/tbody>\n<\/table>\n<table width=\"100%\" border=\"1\">\n<tbody>\n<tr>\n<td colspan=\"3\">\u00a0<a id=\"C313\"><\/a><span style=\"color: #0000ff;\"><strong>III-\u0110\u0102NG K\u00dd L\u1ea0I GI\u1ea4Y CH\u1ee8NG NH\u1eacN \u0110\u1ea6U T\u01af<\/strong><\/span><em><a href=\"#C310\"> &#8211; V\u1ec1 \u0111\u1ea7u trang<\/a><\/em><\/td>\n<\/tr>\n<tr>\n<td width=\"10%\"><\/td>\n<td width=\"80%\">\n<ul>\n<li><span style=\"line-height: 19px;\">\u00a0\u0110\u0103ng k\u00fd l\u1ea1i doanh nghi\u1ec7p<\/span>\n<ul>\n<li><a href=\"http:\/\/www.cis.vn\/wp-content\/uploads\/2013\/03\/Ban-dang-ky-lai-doanh-nghiep-va-du-an-dau-tu_Bieu-mau_CIS.doc\">M\u1eabu v\u0103n b\u1ea3n \u0111\u1ec1 ngh\u1ecb \u0111\u0103ng k\u00fd l\u1ea1i GCN \u0111\u1ea7u t\u01b0.<\/a><\/li>\n<\/ul>\n<\/li>\n<li><span style=\"line-height: 19px;\">C\u1ea5p \u0111\u1ed5i gi\u1ea5y ch\u1ee9ng nh\u1eadn \u0111\u1ea7u t\u01b0<\/span>\n<ul>\n<li><a href=\"http:\/\/www.cis.vn\/wp-content\/uploads\/2013\/03\/Ban-dang-ky-doi-Giay-chung-nhan-dau-tu_Bieu-mau_CIS.doc\">M\u1eabu v\u0103n b\u1ea3n \u0111\u1ec1 ngh\u1ecb c\u1ea5p \u0111\u1ed5i GCN \u0111\u1ea7u t\u01b0<\/a><\/li>\n<\/ul>\n<\/li>\n<\/ul>\n<\/td>\n<td width=\"10%\"><\/td>\n<\/tr>\n<tr>\n<td colspan=\"3\"><\/td>\n<\/tr>\n<\/tbody>\n<\/table>\n<table width=\"100%\" border=\"1\">\n<tbody>\n<tr>\n<td colspan=\"3\">\u00a0<a id=\"C314\"><\/a><span style=\"color: #0000ff;\"><strong>IV-C\u00c1C M\u1eaaU B\u00c1O C\u00c1O<\/strong><\/span><em><a href=\"#C310\"> &#8211; V\u1ec1 \u0111\u1ea7u trang<\/a><\/em><\/td>\n<\/tr>\n<tr>\n<td width=\"10%\"><\/td>\n<td width=\"80%\">\n<ul>\n<ul>\n<li><a href=\"http:\/\/www.cis.vn\/wp-content\/uploads\/2013\/03\/Bao-cao-dinh-ky-hang-thang-ve-von-dua-tu-thuc-hien-du-an_Bieu-mau_CIS.doc\">M\u1eabu b\u00e1o c\u00e1o \u0111\u1ecbnh k\u1ef3 h\u00e0ng th\u00e1ng v\u1ec1 v\u1ed1n \u0111\u1ea7u t\u01b0 th\u1ef1c hi\u1ec7n d\u1ef1 \u00e1n<\/a>(\u00e1p d\u1ee5ng \u0111\u1ed1i v\u1edbi doanh nghi\u1ec7p l\u00e0 ch\u1ee7 \u0111\u1ea7u t\u01b0, c\u00f3 d\u1ef1 \u00e1n th\u1ef1c hi\u1ec7n trong k\u1ef3 b\u00e1o c\u00e1o)<\/li>\n<li><a href=\"http:\/\/www.cis.vn\/wp-content\/uploads\/2013\/03\/Bao-cao-dinh-ky-hang-thang-ve-hoat-dong-dau-tu-truc-tiep-nuoc-ngoai_Bieu-mau_CIS.doc\">M\u1eabu b\u00e1o c\u00e1o \u0111\u1ecbnh k\u1ef3 h\u00e0ng th\u00e1ng v\u1ec1 ho\u1ea1t \u0111\u1ed9ng \u0111\u1ea7u t\u01b0 tr\u1ef1c ti\u1ebfp n\u01b0\u1edbc ngo\u00e0i.<\/a><\/li>\n<li><a href=\"http:\/\/www.cis.vn\/wp-content\/uploads\/2013\/03\/Bao-cao-dinh-ky-hang-quy-ve-von-dua-tu-thuc-hien-du-an_Bieu-mau_CIS.doc\">M\u1eabu b\u00e1o c\u00e1o \u0111\u1ecbnh k\u1ef3 h\u00e0ng qu\u00fd v\u1ec1 v\u1ed1n \u0111\u1ea7u t\u01b0 th\u1ef1c hi\u1ec7n d\u1ef1 \u00e1n<\/a>(\u00e1p d\u1ee5ng \u0111\u1ed1i v\u1edbi doanh nghi\u1ec7p l\u00e0 ch\u1ee7 \u0111\u1ea7u t\u01b0, c\u00f3 d\u1ef1 \u00e1n th\u1ef1c hi\u1ec7n trong k\u1ef3 b\u00e1o c\u00e1o)<\/li>\n<li><a href=\"http:\/\/www.cis.vn\/wp-content\/uploads\/2013\/03\/Bao-cao-dinh-ky-hang-nam-ve-viec-thuc-hien-gop-von-dieu-le_Bieu-mau_CIS.doc\">M\u1eabu b\u00e1o c\u00e1o \u0111\u1ecbnh k\u1ef3 h\u00e0ng n\u0103m v\u1ec1 vi\u1ec7c th\u1ef1c hi\u1ec7n g\u00f3p v\u1ed1n \u0111i\u1ec1u l\u1ec7.<\/a><\/li>\n<li><a href=\"http:\/\/www.cis.vn\/wp-content\/uploads\/2013\/03\/Bao-cao-dinh-ky-hang-nam-ve-hoat-dong-san-xuat-kinh-doanh_Bieu-mau_CIS.doc\">M\u1eabu b\u00e1o c\u00e1o \u0111\u1ecbnh k\u1ef3 h\u00e0ng n\u0103m v\u1ec1 ho\u1ea1t \u0111\u1ed9ng s\u1ea3n xu\u1ea5t kinh doanh.<\/a><\/li>\n<\/ul>\n<\/ul>\n<\/td>\n<td width=\"10%\"><\/td>\n<\/tr>\n<tr>\n<td colspan=\"3\"><\/td>\n<\/tr>\n<\/tbody>\n<\/table>\n<table width=\"100%\" border=\"1\">\n<tbody>\n<tr>\n<td colspan=\"3\">\u00a0<a id=\"C315\"><\/a><span style=\"color: #0000ff;\"><strong>V-C\u00c1C V\u0102N B\u1ea2N KH\u00c1C<\/strong><\/span><em><a href=\"#C310\"> &#8211; V\u1ec1 \u0111\u1ea7u trang<\/a><\/em><\/td>\n<\/tr>\n<tr>\n<td width=\"10%\"><\/td>\n<td width=\"80%\">\n<ul>\n<ul>\n<li><a href=\"http:\/\/www.cis.vn\/wp-content\/uploads\/2011\/05\/Giay-gioi-thieu-_Bieu-mau_CIS.doc\">M\u1eabu gi\u1ea5y gi\u1edbi thi\u1ec7u<\/a><\/li>\n<li><a href=\"http:\/\/www.cis.vn\/wp-content\/uploads\/2011\/05\/Giay-uy-quyen-_Bieu-mau_CIS.doc\">M\u1eabu gi\u1ea5y \u1ee7y quy\u1ec1n<\/a><\/li>\n<\/ul>\n<\/ul>\n<\/td>\n<td width=\"10%\"><\/td>\n<\/tr>\n<tr>\n<td colspan=\"3\"><\/td>\n<\/tr>\n<\/tbody>\n<\/table>","protected":false},"excerpt":{"rendered":"<p>C\u1ea4P M\u1edaI GI\u1ea4Y CH\u1ee8NG NH\u1eacN \u0110\u1ea6U T\u01af. \u0110I\u1ec0U CH\u1ec8NH GI\u1ea4Y CH\u1ee8NG NH\u1eacN \u0110\u1ea6U T\u01af\/ GI\u1ea4Y PH\u00c9P \u0110\u1ea6U T\u01af. \u0110\u0102NG K\u00dd L\u1ea0I GI\u1ea4Y CH\u1ee8NG NH\u1eacN \u0110\u1ea6U T\u01af. C\u00c1C M\u1eaaU B\u00c1O C\u00c1O. C\u00c1C V\u0102N B\u1ea2N KH\u00c1C. \u00a0I-C\u1ea4P M\u1edaI GI\u1ea4Y CH\u1ee8NG NH\u1eacN \u0110\u1ea6U T\u01af &#8211; V\u1ec1 \u0111\u1ea7u trang \u00a01. Doanh nghi\u1ec7p ho\u1ea1t \u0111\u1ed9ng theo GCN \u0111\u1ea7u t\u01b0 D\u1ef1 \u00e1n g\u1eafn li\u1ec1n v\u1edbi th\u00e0nh l\u1eadp doanh nghi\u1ec7p M\u1eabu v\u0103n b\u1ea3n \u0111\u1ec1 ngh\u1ecb c\u1ea5p GCN&hellip; <\/p>\n","protected":false},"author":5,"featured_media":0,"parent":1030,"menu_order":31,"comment_status":"closed","ping_status":"closed","template":"","meta":[],"_links":{"self":[{"href":"https:\/\/www.cis.vn\/en\/wp-json\/wp\/v2\/pages\/1776"}],"collection":[{"href":"https:\/\/www.cis.vn\/en\/wp-json\/wp\/v2\/pages"}],"about":[{"href":"https:\/\/www.cis.vn\/en\/wp-json\/wp\/v2\/types\/page"}],"author":[{"embeddable":true,"href":"https:\/\/www.cis.vn\/en\/wp-json\/wp\/v2\/users\/5"}],"replies":[{"embeddable":true,"href":"https:\/\/www.cis.vn\/en\/wp-json\/wp\/v2\/comments?post=1776"}],"version-history":[{"count":10,"href":"https:\/\/www.cis.vn\/en\/wp-json\/wp\/v2\/pages\/1776\/revisions"}],"predecessor-version":[{"id":8222,"href":"https:\/\/www.cis.vn\/en\/wp-json\/wp\/v2\/pages\/1776\/revisions\/8222"}],"up":[{"embeddable":true,"href":"https:\/\/www.cis.vn\/en\/wp-json\/wp\/v2\/pages\/1030"}],"wp:attachment":[{"href":"https:\/\/www.cis.vn\/en\/wp-json\/wp\/v2\/media?parent=1776"}],"curies":[{"name":"wp","href":"https:\/\/api.w.org\/{rel}","templated":true}]}}