{"id":3208,"date":"2017-07-19T12:13:17","date_gmt":"2017-07-19T05:13:17","guid":{"rendered":"http:\/\/www.cis.vn\/?page_id=3208"},"modified":"2018-06-29T15:11:50","modified_gmt":"2018-06-29T08:11:50","slug":"dang-ky-ban-quyen-phan-mem","status":"publish","type":"page","link":"https:\/\/www.cis.vn\/en\/dang-ky-ban-quyen-phan-mem\/","title":{"rendered":"(Ti\u1ebfng Vi\u1ec7t) \u0110\u0103ng k\u00fd b\u1ea3n quy\u1ec1n ph\u1ea7n m\u1ec1m"},"content":{"rendered":"<p class=\"qtranxs-available-languages-message qtranxs-available-languages-message-en\">Sorry, this entry is only available in <a href=\"https:\/\/www.cis.vn\/vi\/wp-json\/wp\/v2\/pages\/3208\" class=\"qtranxs-available-language-link qtranxs-available-language-link-vi\" title=\"Ti\u1ebfng Vi\u1ec7t\">Vietnamese<\/a>.<\/p>","protected":false},"excerpt":{"rendered":"<p>Sorry, this entry is only available in Vietnamese.<\/p>\n","protected":false},"author":1,"featured_media":3440,"parent":0,"menu_order":0,"comment_status":"closed","ping_status":"closed","template":"","meta":[],"_links":{"self":[{"href":"https:\/\/www.cis.vn\/en\/wp-json\/wp\/v2\/pages\/3208"}],"collection":[{"href":"https:\/\/www.cis.vn\/en\/wp-json\/wp\/v2\/pages"}],"about":[{"href":"https:\/\/www.cis.vn\/en\/wp-json\/wp\/v2\/types\/page"}],"author":[{"embeddable":true,"href":"https:\/\/www.cis.vn\/en\/wp-json\/wp\/v2\/users\/1"}],"replies":[{"embeddable":true,"href":"https:\/\/www.cis.vn\/en\/wp-json\/wp\/v2\/comments?post=3208"}],"version-history":[{"count":4,"href":"https:\/\/www.cis.vn\/en\/wp-json\/wp\/v2\/pages\/3208\/revisions"}],"predecessor-version":[{"id":3255,"href":"https:\/\/www.cis.vn\/en\/wp-json\/wp\/v2\/pages\/3208\/revisions\/3255"}],"wp:featuredmedia":[{"embeddable":true,"href":"https:\/\/www.cis.vn\/en\/wp-json\/wp\/v2\/media\/3440"}],"wp:attachment":[{"href":"https:\/\/www.cis.vn\/en\/wp-json\/wp\/v2\/media?parent=3208"}],"curies":[{"name":"wp","href":"https:\/\/api.w.org\/{rel}","templated":true}]}}