{"id":7988,"date":"2021-10-07T09:21:31","date_gmt":"2021-10-07T02:21:31","guid":{"rendered":"https:\/\/www.cis.vn\/?page_id=7988"},"modified":"2021-10-07T12:10:05","modified_gmt":"2021-10-07T05:10:05","slug":"dich-vu-tu-van-dau-tu","status":"publish","type":"page","link":"https:\/\/www.cis.vn\/en\/dich-vu-tu-van-dau-tu\/","title":{"rendered":"Foreign Investment consultancy services"},"content":{"rendered":"<div id=\"pl-7988\"  class=\"panel-layout\" ><div id=\"pg-7988-0\"  class=\"panel-grid panel-no-style\" ><div id=\"pgc-7988-0-0\"  class=\"panel-grid-cell\" ><div id=\"panel-7988-0-0-0\" class=\"so-panel widget widget_black-studio-tinymce widget_black_studio_tinymce panel-first-child panel-last-child\" data-index=\"0\" ><div class=\"textwidget\"><h3 style=\"text-align: justify;\"><strong><em>I.\/ V\u1ec1 C\u00f4ng ty Lu\u1eadt CIS:<\/em><\/strong><\/h3>\n<p style=\"text-align: justify;\"><span style=\"color: #ff6600;\"><strong>C\u00f4ng ty Lu\u1eadt CIS <\/strong><\/span>l\u00e0 m\u1ed9t trong nh\u1eefng c\u00f4ng ty lu\u1eadt uy t\u00edn, chuy\u00ean nghi\u1ec7p t\u1ea1i Th\u00e0nh ph\u1ed1 H\u1ed3 Ch\u00ed Minh, chuy\u00ean cung c\u1ea5p d\u1ecbch v\u1ee5 ph\u00e1p l\u00fd v\u00e0 t\u01b0 v\u1ea5n ph\u00e1p lu\u1eadt, \u0111\u01b0\u1ee3c th\u00e0nh l\u1eadp v\u00e0o n\u0103m 2008 b\u1edfi \u0111\u1ed9i ng\u0169 <span style=\"color: #ff6600;\"><a style=\"color: #ff6600;\" href=\"https:\/\/www.cis.vn\/about-gioi-thieu\/lawyers-experts-luat-su-va-chuyen-gia\/\" target=\"_blank\" rel=\"noopener\"><strong>Lu\u1eadt s\u01b0 v\u00e0 chuy\u00ean gia<\/strong><\/a><\/span> gi\u00e0u kinh nghi\u1ec7m.<\/p>\n<p style=\"text-align: justify;\">Trong qu\u00e1 tr\u00ecnh ho\u1ea1t \u0111\u1ed9ng, CIS Law Firm \u0111\u00e3 kh\u1eb3ng \u0111\u1ecbnh \u0111\u01b0\u1ee3c v\u1ecb tr\u00ed v\u1eefng ch\u1eafc c\u1ee7a m\u00ecnh tr\u00ean th\u1ecb tr\u01b0\u1eddng d\u1ecbch v\u1ee5 ph\u00e1p l\u00fd v\u00e0 mang \u0111\u1ebfn cho kh\u00e1ch h\u00e0ng h\u1ec7 th\u1ed1ng d\u1ecbch v\u1ee5 ph\u00e1p l\u00fd \u0111a d\u1ea1ng trong nhi\u1ec1u l\u0129nh v\u1ef1c, trong \u0111\u00f3, v\u1edbi h\u01a1n 10 n\u0103m kinh nghi\u1ec7m trong l\u0129nh v\u1ef1c <span style=\"color: #ff6600;\"><a style=\"color: #ff6600;\" href=\"https:\/\/www.cis.vn\/services-dich-vu\/investment-license-giay-phep-dau-tu\/\" target=\"_blank\" rel=\"noopener\"><strong>T\u01b0 v\u1ea5n \u0111\u1ea7u t\u01b0<\/strong><\/a><\/span>, CIS Law Firm \u0111\u00e3 t\u01b0 v\u1ea5n v\u00e0 h\u1ed7 tr\u1ee3 cho r\u1ea5t nhi\u1ec1u Nh\u00e0 \u0111\u1ea7u t\u01b0 n\u01b0\u1edbc ngo\u00e0i \u0111\u1ebfn t\u1eeb nhi\u1ec1u qu\u1ed1c gia kh\u00e1c nhau \u0111\u1ea7u t\u01b0 th\u00e0nh c\u00f4ng v\u00e0o Vi\u1ec7t Nam.<\/p>\n<p><img class=\"aligncenter wp-image-7403\" src=\"https:\/\/www.cis.vn\/wp-content\/uploads\/2021\/09\/dieuchinhgiaycndthcm1.jpg\" alt=\"giay-chung-nhan-dang-ky-dau-tu\" width=\"500\" height=\"500\" \/><\/p>\n<h3><em><strong>II.\/ D\u1ecbch V\u1ee5 T\u01b0 V\u1ea5n \u0110\u1ea7u T\u01b0 Chuy\u00ean Nghi\u1ec7p c\u1ee7a C\u00f4ng ty Lu\u1eadt CIS:<\/strong><\/em><\/h3>\n<h3><em><strong>1. Quy tr\u00ecnh l\u00e0m vi\u1ec7c chuy\u00ean nghi\u1ec7p:<\/strong><\/em><\/h3>\n<p style=\"text-align: justify;\">V\u1edbi nhi\u1ec1u n\u0103m kinh nghi\u1ec7m t\u01b0 v\u1ea5n cho nhi\u1ec1u Nh\u00e0 \u0111\u1ea7u t\u01b0 n\u01b0\u1edbc ngo\u00e0i \u0111\u1ea7u t\u01b0 v\u00e0o Vi\u1ec7t Nam, ch\u00fang t\u00f4i \u0111\u00e3 x\u00e2y d\u1ef1ng quy tr\u00ecnh l\u00e0m vi\u1ec7c chuy\u00ean nghi\u1ec7p t\u1eeb kh\u00e2u ti\u1ebfp nh\u1eadn th\u00f4ng tin, \u0111\u00e1nh gi\u00e1, t\u01b0 v\u1ea5n, chu\u1ea9n b\u1ecb h\u1ed3 s\u01a1, l\u00e0m vi\u1ec7c v\u1edbi c\u01a1 quan nh\u00e0 n\u01b0\u1edbc \u0111\u1ebfn khi tr\u1ea3 k\u1ebft qu\u1ea3 \u0111\u1ebfn t\u1eadn tay Kh\u00e1ch h\u00e0ng, \u0111\u1ea3m b\u1ea3o qu\u00e1 tr\u00ecnh th\u1ef1c hi\u1ec7n nhanh ch\u00f3ng v\u00e0 ch\u00ednh x\u00e1c.<\/p>\n<h3 style=\"text-align: justify;\"><em><strong>2. T\u01b0 v\u1ea5n k\u1ef9 l\u01b0\u1ee1ng v\u00e0 chuy\u00ean s\u00e2u v\u1ec1 <span style=\"color: #c00000;\">D\u1ef1 \u00e1n \u0111\u1ea7u t\u01b0:<\/span><\/strong><\/em><\/h3>\n<p style=\"text-align: justify;\">Theo quy \u0111\u1ecbnh c\u1ee7a ph\u00e1p lu\u1eadt Vi\u1ec7t Nam, Nh\u00e0 \u0111\u1ea7u t\u01b0 n\u01b0\u1edbc ngo\u00e0i c\u00f3 th\u1ec3 \u0111\u1ea7u t\u01b0 v\u00e0o Vi\u1ec7t Nam th\u00f4ng qua nhi\u1ec1u h\u00ecnh th\u1ee9c v\u1edbi nh\u1eefng \u01b0u, nh\u01b0\u1ee3c \u0111i\u1ec3m kh\u00e1c nhau. B\u00ean c\u1ea1nh \u0111\u00f3, Nh\u00e0 \u0111\u1ea7u t\u01b0 ph\u1ea3i \u0111\u00e1p \u1ee9ng m\u1ed9t s\u1ed1 \u0111i\u1ec1u ki\u1ec7n nh\u1ea5t \u0111\u1ecbnh theo Bi\u1ec3u cam k\u1ebft d\u1ecbch v\u1ee5 WTO v\u00e0 ph\u00e1p lu\u1eadt Vi\u1ec7t Nam, nh\u01b0: h\u1ea1n ch\u1ebf ti\u1ebfp c\u1eadn th\u1ecb tr\u01b0\u1eddng \u0111\u1ed1i v\u1edbi Nh\u00e0 \u0111\u1ea7u t\u01b0 n\u01b0\u1edbc ngo\u00e0i, t\u1ef7 l\u1ec7 g\u00f3p v\u1ed1n, ng\u00e0nh ngh\u1ec1 kinh doanh c\u00f3 \u0111i\u1ec1u ki\u1ec7n,... Do v\u1eady, tr\u01b0\u1edbc khi k\u00fd k\u1ebft H\u1ee3p \u0111\u1ed3ng d\u1ecbch v\u1ee5 v\u1edbi Kh\u00e1ch h\u00e0ng, CIS Law Firm lu\u00f4n ti\u1ebfn h\u00e0nh b\u01b0\u1edbc ki\u1ec3m tra, \u0111\u00e1nh gi\u00e1 th\u00f4ng tin v\u00e0 t\u01b0 v\u1ea5n cho Nh\u00e0 \u0111\u1ea7u t\u01b0 v\u1ec1 h\u00ecnh th\u1ee9c \u0111\u1ea7u t\u01b0 ph\u00f9 h\u1ee3p v\u00e0 \u0111i\u1ec1u ki\u1ec7n \u0111\u1ea7u t\u01b0 t\u01b0\u01a1ng \u1ee9ng v\u1edbi t\u1eebng tr\u01b0\u1eddng h\u1ee3p c\u1ee5 th\u1ec3.<\/p>\n<p style=\"text-align: justify;\">Th\u1ee7 t\u1ee5c xin c\u1ea5p <span style=\"color: #ff6600;\"><a style=\"color: #ff6600;\" href=\"https:\/\/www.cis.vn\/thu-tuc-xin-giay-phep-dau-tu-moi-nhat\/\" target=\"_blank\" rel=\"noopener\"><strong>Gi\u1ea5y ch\u1ee9ng nh\u1eadn \u0111\u0103ng k\u00fd \u0111\u1ea7u t\u01b0<\/strong><\/a><\/span> ph\u1ee9c t\u1ea1p v\u00e0 \u0111\u00f2i h\u1ecfi nhi\u1ec1u \u0111i\u1ec1u ki\u1ec7n v\u00e0 h\u1ed3 s\u01a1 \u0111\u00ednh k\u00e8m. Do \u0111\u00f3, vi\u1ec7c Ch\u00fang t\u00f4i t\u01b0 v\u1ea5n k\u1ef9 l\u01b0\u1ee1ng v\u1ec1 \u0111i\u1ec1u ki\u1ec7n \u0111\u1ea7u t\u01b0 v\u00e0 c\u00e1c v\u1ea5n \u0111\u1ec1 c\u1ea7n l\u01b0u \u00fd li\u00ean quan \u0111\u1ebfn D\u1ef1 \u00e1n \u0111\u1ea7u t\u01b0 s\u1ebd gi\u00fap Kh\u00e1ch h\u00e0ng ti\u1ebft ki\u1ec7m th\u1eddi gian, c\u00f4ng s\u1ee9c v\u00e0 \u0111\u1ea3m b\u1ea3o v\u1ec1 m\u1eb7t ph\u00e1p l\u00fd.<\/p>\n<p style=\"text-align: justify;\">Ngo\u00e0i ra, sau khi xin c\u1ea5p Gi\u1ea5y ch\u1ee9ng nh\u1eadn \u0111\u1ea7u t\u01b0, Nh\u00e0 \u0111\u1ea7u t\u01b0 ph\u1ea3i <span style=\"color: #ff6600;\"><a style=\"color: #ff6600;\" href=\"https:\/\/www.cis.vn\/thanh-lap-cong-ty-co-von-nuoc-ngoai-nam-2021\/\" target=\"_blank\" rel=\"noopener\"><strong>th\u00e0nh l\u1eadp c\u00f4ng ty<\/strong><\/a><\/span> \u0111\u1ec3 th\u1ef1c hi\u1ec7n D\u1ef1 \u00e1n, CIS Law Firm s\u1ebd t\u01b0 v\u1ea5n lo\u1ea1i h\u00ecnh doanh nghi\u1ec7p v\u00e0 c\u01a1 c\u1ea5u t\u1ed5 ch\u1ee9c qu\u1ea3n l\u00fd ph\u00f9 h\u1ee3p v\u1edbi nhu c\u1ea7u v\u00e0 th\u1ef1c t\u1ebf, gi\u00fap Nh\u00e0 \u0111\u1ea7u t\u01b0 ti\u1ebft ki\u1ec7m chi ph\u00ed v\u00e0 t\u1ed1i \u01b0u h\u00f3a ho\u1ea1t \u0111\u1ed9ng c\u1ee7a c\u00f4ng ty.<\/p>\n<h3 style=\"text-align: justify;\"><em><strong>3. K\u1ecbp th\u1eddi ph\u00e1t hi\u1ec7n r\u1ee7i ro ph\u00e1p l\u00fd ti\u1ec1m \u1ea9n:<\/strong><\/em><\/h3>\n<p style=\"text-align: justify;\">Trong qu\u00e1 tr\u00ecnh xin c\u1ea5p Gi\u1ea5y ch\u1ee9ng nh\u1eadn \u0111\u0103ng k\u00fd \u0111\u1ea7u t\u01b0, s\u1ebd c\u00f3 nhi\u1ec1u r\u1ee7i ro v\u00e0 kh\u00f3 kh\u0103n ph\u00e1t sinh m\u00e0 Nh\u00e0 \u0111\u1ea7u t\u01b0 kh\u00f4ng th\u1ec3 l\u01b0\u1eddng h\u1ebft \u0111\u01b0\u1ee3c, nh\u01b0: h\u1ed3 s\u01a1 ph\u00e1p l\u00fd c\u1ee7a \u0111\u1ecba \u0111i\u1ec3m th\u1ef1c hi\u1ec7n d\u1ef1 \u00e1n kh\u00f4ng \u0111\u1ea3m b\u1ea3o, th\u1ecfa thu\u1eadn thu\u00ea \u0111\u1ecba \u0111i\u1ec3m kh\u00f4ng h\u1ee3p ph\u00e1p, qu\u00e1 tr\u00ecnh \u0111\u00e0m ph\u00e1n li\u00ean doanh ph\u1ee9c t\u1ea1p,... Do \u0111\u00f3, \u0111\u1ed1i v\u1edbi m\u1ed7i Kh\u00e1ch h\u00e0ng, ch\u00fang t\u00f4i \u0111\u1ec1u t\u1eadn t\u00e2m t\u01b0 v\u1ea5n v\u00e0 ki\u1ec3m tra c\u1ea9n th\u1eadn v\u1ec1 m\u1eb7t ph\u00e1p l\u00fd c\u1ee7a h\u1ed3 s\u01a1 d\u1ef1 \u00e1n, k\u1ecbp th\u1eddi ph\u00e1t hi\u1ec7n r\u1ee7i ro ph\u00e1p l\u00fd \u0111\u1ec3 t\u01b0 v\u1ea5n v\u00e0 \u0111\u01b0a ra ph\u01b0\u01a1ng \u00e1n cho Kh\u00e1ch h\u00e0ng. B\u00ean c\u1ea1nh \u0111\u00f3, \u0111\u1ed9i ng\u0169 Lu\u1eadt s\u01b0 c\u1ee7a C\u00f4ng ty Lu\u1eadt CIS c\u00f3 nhi\u1ec1u kinh nghi\u1ec7m tham gia \u0111\u00e0m ph\u00e1n li\u00ean doanh gi\u1eefa Nh\u00e0 \u0111\u1ea7u t\u01b0 n\u01b0\u1edbc ngo\u00e0i v\u00e0 \u0111\u1ed1i t\u00e1c Vi\u1ec7t Nam, \u0111\u1ea3m b\u1ea3o quy\u1ec1n l\u1ee3i cao nh\u1ea5t cho Kh\u00e1ch h\u00e0ng.<\/p>\n<h3 style=\"text-align: justify;\"><em><strong>4. Th\u1ef1c hi\u1ec7n d\u1ecbch v\u1ee5 t\u01b0 v\u1ea5n \u0111\u1ea7u t\u01b0 tr\u1ecdn g\u00f3i, t\u1ed1i \u01b0u chi ph\u00ed:<\/strong><\/em><\/h3>\n<p style=\"text-align: justify;\">Th\u1ee7 t\u1ee5c \u0111\u1ea7u t\u01b0 v\u00e0o Vi\u1ec7t Nam ph\u1ea3i tr\u1ea3i qua nhi\u1ec1u b\u01b0\u1edbc nh\u01b0 xin c\u1ea5p <span style=\"color: #ff6600;\"><strong><u>Gi\u1ea5y ch\u1ee9ng nh\u1eadn \u0111\u0103ng k\u00fd \u0111\u1ea7u t\u01b0<\/u><\/strong>, <strong><u>xin c\u1ea5p <\/u><\/strong><a style=\"color: #ff6600;\" href=\"https:\/\/www.cis.vn\/services-dich-vu\/enterprise-advise-tu-van-doanh-nghiep\/establishing-an-enterprise-thanh-lap-doanh-nghiep\/\" target=\"_blank\" rel=\"noopener\"><strong>Gi\u1ea5y ch\u1ee9ng nh\u1eadn \u0111\u0103ng k\u00fd doanh nghi\u1ec7p<\/strong><\/a><\/span>, khai thu\u1ebf ban \u0111\u1ea7u, kh\u1eafc con d\u1ea5u, mua h\u00f3a \u0111\u01a1n \u0111i\u1ec7n t\u1eed v\u00e0 \u0111\u0103ng k\u00fd n\u1ed9p thu\u1ebf \u0111i\u1ec7n t\u1eed,... Theo \u0111\u00f3, C\u00f4ng ty Lu\u1eadt CIS c\u00f3 d\u1ecbch v\u1ee5 tr\u1ecdn g\u00f3i \u0111\u1ec3 h\u1ed7 tr\u1ee3 Kh\u00e1ch h\u00e0ng t\u1ea5t c\u1ea3 c\u00e1c b\u01b0\u1edbc n\u00e0y v\u00e0 <strong>KH\u00d4NG<\/strong> ph\u00e1t sinh th\u00eam chi ph\u00ed ngo\u00e0i th\u00f9 lao d\u1ecbch v\u1ee5.<\/p>\n<p style=\"text-align: justify;\">H\u1ed3 s\u01a1 \u0111\u0103ng k\u00fd \u0111\u1ea7u t\u01b0 th\u01b0\u1eddng bao g\u1ed3m nhi\u1ec1u h\u1ed3 s\u01a1 v\u00e0 t\u00e0i li\u1ec7u. Ch\u00fang t\u00f4i cam k\u1ebft chu\u1ea9n b\u1ecb h\u1ed3 s\u01a1 nhanh ch\u00f3ng v\u00e0 h\u01b0\u1edbng d\u1eabn kh\u00e1ch h\u00e0ng chu\u1ea9n b\u1ecb h\u1ed3 s\u01a1 \u0111\u00fang theo y\u00eau c\u1ea7u \u0111\u1ec3 ti\u1ebft ki\u1ec7m th\u1eddi gian v\u00e0 chi ph\u00ed.<\/p>\n<h3 style=\"text-align: justify;\"><em><strong>5. H\u01a1n 10 n\u0103m kinh nghi\u1ec7m trong l\u0129nh v\u1ef1c t\u01b0 v\u1ea5n \u0111\u1ea7u t\u01b0:<\/strong><\/em><\/h3>\n<p style=\"text-align: justify;\">CIS Law Firm \u0111\u00e3 t\u01b0 v\u1ea5n, h\u1ed7 tr\u1ee3 nhi\u1ec1u kh\u00e1ch h\u00e0ng \u0111\u1ea7u t\u01b0 th\u00e0nh c\u00f4ng v\u00e0o Vi\u1ec7t Nam nh\u01b0: D\u1ef1 \u00e1n C\u00f4ng ty Realtylink Vi\u1ec7t Nam, D\u1ef1 \u00e1n C\u00f4ng Ty Myung Sung Vina; D\u1ef1 \u00e1n C\u00f4ng ty Mai X\u00e1 SG, C\u00f4ng ty Mankichi, C\u00f4ng ty Powernheat, C\u00f4ng ty TCL, D\u1ef1 \u00e1n C\u00f4ng ty ANTZ Vi\u1ec7t Nam; D\u1ef1 \u00e1n C\u00f4ng ty TNHH Daewon Innovation; C\u00f4ng ty TNHH The Black Stone, C\u00f4ng ty TNHH Li\u00ean Doanh GMB, D\u1ef1 \u00e1n C\u00f4ng ty TNHH Wmedia, C\u00f4ng ty TNHH Infinity Blockchain Labs, C\u00f4ng ty TNHH Evolution Enterprises, C\u00f4ng ty TNHH W57 Industries, C\u00f4ng ty TNHH Katalon,...<\/p>\n<h3 style=\"text-align: justify;\"><em><strong>6. M\u1ed1i quan h\u1ec7 t\u1ed1t \u0111\u1eb9p v\u1edbi C\u01a1 quan Nh\u00e0 n\u01b0\u1edbc c\u00f3 th\u1ea9m quy\u1ec1n:<\/strong><\/em><\/h3>\n<p style=\"text-align: justify;\">Ch\u00fang t\u00f4i lu\u00f4n coi tr\u1ecdng v\u00e0 x\u00e2y d\u1ef1ng c\u00e1c m\u1ed1i quan h\u1ec7 c\u1ea7n thi\u1ebft nh\u1eb1m h\u1ed7 tr\u1ee3 c\u00e1c y\u00eau c\u1ea7u c\u1ee7a Kh\u00e1ch h\u00e0ng m\u1ed9t c\u00e1ch nhanh nh\u1ea5t, thu\u1eadn ti\u1ec7n nh\u1ea5t v\u00e0 c\u00f3 k\u1ebft qu\u1ea3 cao nh\u1ea5t.<\/p>\n<h3 style=\"text-align: justify;\"><em><strong>7. Quy tr\u00ecnh thanh to\u00e1n an to\u00e0n:<\/strong><\/em><\/h3>\n<p style=\"text-align: justify;\">Ti\u1ebfn \u0111\u1ed9 thanh to\u00e1n th\u00f9 lao d\u1ecbch v\u1ee5 t\u01b0 v\u1ea5n \u0111\u1ea7u t\u01b0 linh ho\u1ea1t v\u1edbi 2 \u0111\u1ee3t thanh to\u00e1n theo ti\u1ebfn \u0111\u1ed9 c\u00f4ng vi\u1ec7c. <strong>Sau khi b\u00e0n giao k\u1ebft qu\u1ea3<\/strong>, Kh\u00e1ch h\u00e0ng m\u1edbi ph\u1ea3i thanh to\u00e1n h\u1ebft th\u00f9 lao d\u1ecbch v\u1ee5 c\u00f2n l\u1ea1i.<\/p>\n<p style=\"text-align: justify;\">Ch\u00fang t\u00f4i cam k\u1ebft <strong>ho\u00e0n tr\u1ea3 100% ti\u1ec1n<\/strong> cho Kh\u00e1ch h\u00e0ng n\u1ebfu C\u00f4ng ty Lu\u1eadt c\u00f3 l\u1ed7i d\u1eabn \u0111\u1ebfn h\u1ed3 s\u01a1 b\u1ecb t\u1eeb ch\u1ed1i.<\/p>\n<h3 style=\"text-align: justify;\"><em><strong>8. D\u1ecbch v\u1ee5 ph\u00e1p l\u00fd \u0111a d\u1ea1ng:<\/strong><\/em><\/h3>\n<p style=\"text-align: justify;\">\u0110\u1ec3 h\u1ed7 tr\u1ee3 Kh\u00e1ch h\u00e0ng m\u1ed9t c\u00e1ch t\u1ed1t nh\u1ea5t v\u00e0 h\u01b0\u1edbng \u0111\u1ebfn m\u1ee5c ti\u00eau tr\u1edf th\u00e0nh \u0111\u1ed1i t\u00e1c t\u01b0 v\u1ea5n ph\u00e1p l\u00fd tin c\u1eady - hi\u1ec7u qu\u1ea3 - b\u1ec1n v\u1eefng c\u1ee7a c\u00e1c Doanh nghi\u1ec7p, CIS Law Firm kh\u00f4ng ng\u1eebng x\u00e2y d\u1ef1ng h\u1ec7 th\u1ed1ng d\u1ecbch v\u1ee5 ph\u00e1p l\u00fd \u0111a d\u1ea1ng:<\/p>\n<ul style=\"text-align: justify;\">\n<li>T\u01b0 v\u1ea5n v\u00e0 th\u1ef1c hi\u1ec7n th\u1ee7 t\u1ee5c c\u1ea5p m\u1edbi Gi\u1ea5y ch\u1ee9ng nh\u1eadn \u0111\u0103ng k\u00fd \u0111\u1ea7u t\u01b0<\/li>\n<li>T\u01b0 v\u1ea5n v\u00e0 th\u1ef1c hi\u1ec7n th\u1ee7 t\u1ee5c <span style=\"color: #ff6600;\"><strong><u>\u0111i\u1ec1u ch\u1ec9nh, gia h\u1ea1n <\/u><\/strong><a style=\"color: #ff6600;\" href=\"https:\/\/www.cis.vn\/dieu-chinh-giay-chung-nhan-dau-tu-moi-nhat-2021\/\" target=\"_blank\" rel=\"noopener\"><strong>Gi\u1ea5y ch\u1ee9ng nh\u1eadn \u0111\u0103ng k\u00fd \u0111\u1ea7u t\u01b0<\/strong><\/a><\/span><u>;<\/u><\/li>\n<li>T\u01b0 v\u1ea5n chuy\u1ec3n nh\u01b0\u1ee3ng m\u1ed9t ph\u1ea7n ho\u1eb7c to\u00e0n b\u1ed9 <span style=\"color: #c00000;\"><strong>D\u1ef1 \u00e1n \u0111\u1ea7u t\u01b0<\/strong><\/span>;<\/li>\n<li>T\u01b0 v\u1ea5n v\u00e0 th\u1ef1c hi\u1ec7n th\u1ee7 t\u1ee5c xin <span style=\"color: #c00000;\"><strong>Gi\u1ea5y ph\u00e9p con<\/strong><\/span>;<\/li>\n<li>T\u01b0 v\u1ea5n v\u00e0 th\u1ef1c hi\u1ec7n th\u1ee7 t\u1ee5c <span style=\"color: #ff6600;\"><strong><u>thay \u0111\u1ed5i n\u1ed9i dung \u0111\u0103ng k\u00fd doanh nghi\u1ec7p<\/u><\/strong><\/span>;<\/li>\n<li>T\u01b0 v\u1ea5n v\u00e0 th\u1ef1c hi\u1ec7n th\u1ee7 t\u1ee5c xin c\u1ea5p <span style=\"color: #ff6600;\"><a style=\"color: #ff6600;\" href=\"https:\/\/www.cis.vn\/thu-tuc-xin-giay-phep-lao-dong-cho-nguoi-nuoc-ngoai\/\" target=\"_blank\" rel=\"noopener\"><strong>Gi\u1ea5y ph\u00e9p lao \u0111\u1ed9ng<\/strong><\/a><strong><u>,<\/u><\/strong> <strong><u>Th\u1ebb t\u1ea1m tr\u00fa<\/u><\/strong> <\/span>cho Ng\u01b0\u1eddi n\u01b0\u1edbc ngo\u00e0i l\u00e0m vi\u1ec7c t\u1ea1i Vi\u1ec7t Nam;<\/li>\n<li>T\u01b0 v\u1ea5n v\u1ec1 <span style=\"color: #ff6600;\"><a style=\"color: #ff6600;\" href=\"https:\/\/www.cis.vn\/services-dich-vu\/intellectual-property-so-huu-tri-tue\/\" target=\"_blank\" rel=\"noopener\"><strong>S\u1edf h\u1eefu tr\u00ed tu\u1ec7<\/strong><\/a><\/span><strong><u>;<\/u><\/strong><\/li>\n<li><span style=\"color: #ff6600;\"><strong><u>T\u01b0 v\u1ea5n v\u1ec1 lao \u0111\u1ed9ng, gi\u1ea3i quy\u1ebft tranh ch\u1ea5p<\/u><\/strong><\/span>;<\/li>\n<li><span style=\"color: #ff6600;\"><strong><u>So\u1ea1n th\u1ea3o v\u00e0 hi\u1ec7u ch\u1ec9nh c\u00e1c lo\u1ea1i H\u1ee3p \u0111\u1ed3ng<\/u><\/strong><\/span>,...<\/li>\n<\/ul>\n<p><strong style=\"font-size: 15px;\"><em>H\u00e3y \u0111\u1ec3 Ch\u00fang t\u00f4i \u0111\u1ed3ng h\u00e0nh c\u00f9ng Nh\u00e0 \u0111\u1ea7u t\u01b0 trong su\u1ed1t ch\u1eb7ng \u0111\u01b0\u1eddng \u0111\u1ea7u t\u01b0 t\u1ea1i Vi\u1ec7t Nam!<\/em><\/strong><\/p>\n<p style=\"text-align: justify;\"><span style=\"color: #ff6600;\"><strong>PH\u00d2NG PH\u00c1P L\u00dd DOANH NGHI\u1ec6P \u2013 CIS LAW FIRM<\/strong><\/span><\/p>\n<p style=\"text-align: justify;\"><strong>109 Ho\u00e0ng Sa, P. \u0110a Kao, Qu\u1eadn 1, TP. H\u1ed3 Ch\u00ed Minh<br \/>\n<\/strong><strong>\u0110i\u1ec7n tho\u1ea1i: 028 3911 8581 \u2013 3911 8582\u00a0\u00a0\u00a0 \u00a0\u00a0\u00a0\u00a0\u00a0\u00a0\u00a0\u00a0\u00a0\u00a0\u00a0 Hotline: 0916 568 101<br \/>\n<\/strong><strong>Email:\u00a0<\/strong><a href=\"mailto:info@cis.vn\"><strong>info@cis.vn<\/strong><\/a><\/p>\n<\/div><\/div><\/div><div id=\"pgc-7988-0-1\"  class=\"panel-grid-cell\" ><div id=\"panel-7988-0-1-0\" class=\"so-panel widget widget_search panel-first-child\" data-index=\"1\" ><form role=\"search\" method=\"get\" class=\"search-form\" action=\"https:\/\/www.cis.vn\/en\/\">\n\t\t\t\t<label>\n\t\t\t\t\t<span class=\"screen-reader-text\">Search for:<\/span>\n\t\t\t\t\t<input type=\"search\" class=\"search-field\" placeholder=\"Search &hellip;\" value=\"\" name=\"s\" \/>\n\t\t\t\t<\/label>\n\t\t\t\t<input type=\"submit\" class=\"search-submit\" value=\"Search\" \/>\n\t\t\t<\/form><\/div><div id=\"panel-7988-0-1-1\" class=\"so-panel widget widget_nav_menu\" data-index=\"2\" ><h3 class=\"widget-title\">Our Services<\/h3><div class=\"menu-services_menu-container\"><ul id=\"menu-services_menu\" class=\"menu\"><li id=\"menu-item-2877\" class=\"menu-item menu-item-type-post_type menu-item-object-page menu-item-2877\"><a href=\"https:\/\/www.cis.vn\/en\/services-dich-vu\/apec-card-the-apec\/\">Apec card<\/a><\/li>\n<li id=\"menu-item-2878\" class=\"menu-item menu-item-type-post_type menu-item-object-page menu-item-2878\"><a href=\"https:\/\/www.cis.vn\/en\/services-dich-vu\/intellectual-property-so-huu-tri-tue\/\">Intellectual property<\/a><\/li>\n<li id=\"menu-item-2879\" class=\"menu-item menu-item-type-post_type menu-item-object-page menu-item-2879\"><a href=\"https:\/\/www.cis.vn\/en\/services-dich-vu\/enterprise-advise-tu-van-doanh-nghiep\/\">Enterprises consultancy<\/a><\/li>\n<li id=\"menu-item-2880\" class=\"menu-item menu-item-type-post_type menu-item-object-page menu-item-2880\"><a href=\"https:\/\/www.cis.vn\/en\/services-dich-vu\/investment-license-giay-phep-dau-tu\/\">Investment Registration Certificate<\/a><\/li>\n<li id=\"menu-item-2881\" class=\"menu-item menu-item-type-post_type menu-item-object-page menu-item-2881\"><a href=\"https:\/\/www.cis.vn\/en\/services-dich-vu\/luat-su-tranh-tung\/\">Litigation Attorneys<\/a><\/li>\n<li id=\"menu-item-2882\" class=\"menu-item menu-item-type-post_type menu-item-object-page menu-item-2882\"><a href=\"https:\/\/www.cis.vn\/en\/services-dich-vu\/overseas-vietnamese-viet-kieu-nguoi-nuoc-ngoai\/\">Overseas Vietnamese<\/a><\/li>\n<li id=\"menu-item-2965\" class=\"menu-item menu-item-type-post_type menu-item-object-page menu-item-2965\"><a href=\"https:\/\/www.cis.vn\/en\/services-dich-vu\/temporary-residence-card-the-tam-tru\/\">Temporary residence card<\/a><\/li>\n<li id=\"menu-item-2890\" class=\"menu-item menu-item-type-post_type menu-item-object-page menu-item-2890\"><a href=\"https:\/\/www.cis.vn\/en\/services-dich-vu\/labour-disputes-settlement-giai-quyet-tranh-chap-lao-dong\/\">Labour disputes settlement<\/a><\/li>\n<li id=\"menu-item-2883\" class=\"menu-item menu-item-type-post_type menu-item-object-page menu-item-2883\"><a href=\"https:\/\/www.cis.vn\/en\/services-dich-vu\/work-permits-giay-phep-lao-dong\/\">Work permits<\/a><\/li>\n<\/ul><\/div><\/div><style>.rpwe-block ul{\nlist-style: none !important;\nmargin-left: 0 !important;\npadding-left: 0 !important;\n}\n\n.rpwe-block li{\nborder-bottom: 1px solid #eee;\nmargin-bottom: 10px;\npadding-bottom: 10px;\nlist-style-type: none;\n}\n\n.rpwe-block a{\ndisplay: inline !important;\ntext-decoration: none;\n}\n\n.rpwe-block h3{\nbackground: none !important;\nclear: none;\nmargin-bottom: 0 !important;\nmargin-top: 0 !important;\nfont-weight: 400;\nfont-size: 14px !important;\nline-height: 1.5em;\n}\n\n.rpwe-thumb{\nborder: 1px solid #eee !important;\nbox-shadow: none !important;\nmargin: 2px 10px 2px 0;\npadding: 3px !important;\n}\n\n.rpwe-summary{\nfont-size: 12px;\n}\n\n.rpwe-time{\ncolor: #bbb;\nfont-size: 11px;\n}\n\n.rpwe-comment{\ncolor: #bbb;\nfont-size: 11px;\npadding-left: 5px;\n}\n\n.rpwe-alignleft{\ndisplay: inline;\nfloat: left;\n}\n\n.rpwe-alignright{\ndisplay: inline;\nfloat: right;\n}\n\n.rpwe-aligncenter{\ndisplay: block;\nmargin-left: auto;\nmargin-right: auto;\n}\n\n.rpwe-clearfix:before,\n.rpwe-clearfix:after{\ncontent: \"\";\ndisplay: table !important;\n}\n\n.rpwe-clearfix:after{\nclear: both;\n}\n\n.rpwe-clearfix{\nzoom: 1;\n}\n<\/style><div id=\"panel-7988-0-1-3\" class=\"so-panel widget widget_nav_menu panel-last-child\" data-index=\"4\" ><h3 class=\"widget-title\">Main services<\/h3><div class=\"menu-dich-vu-chuyen-nghiep-container\"><ul id=\"menu-dich-vu-chuyen-nghiep\" class=\"menu\"><li id=\"menu-item-8046\" class=\"menu-item menu-item-type-post_type menu-item-object-page menu-item-8046\"><a href=\"https:\/\/www.cis.vn\/en\/dich-vu-xin-cap-the-apec-tai-cong-ty-luat-cis\/\">Service of APEC Card at CIS Law Firm<\/a><\/li>\n<li id=\"menu-item-8048\" class=\"menu-item menu-item-type-post_type menu-item-object-page menu-item-8048\"><a href=\"https:\/\/www.cis.vn\/en\/dang-ky-thuong-hieu-tai-cong-ty-luat-cis\/\">Register a trademark at CIS Law Firm<\/a><\/li>\n<li id=\"menu-item-8050\" class=\"menu-item menu-item-type-post_type menu-item-object-page menu-item-8050\"><a href=\"https:\/\/www.cis.vn\/en\/dich-vu-dang-ky-ban-quyen-tai-cong-ty-luat-cis\/\">Copyright registration services at Cis Law Firm<\/a><\/li>\n<li id=\"menu-item-8049\" class=\"menu-item menu-item-type-post_type menu-item-object-page menu-item-8049\"><a href=\"https:\/\/www.cis.vn\/en\/dich-vu-tu-van-dau-tu\/\">Foreign Investment consultancy services<\/a><\/li>\n<li id=\"menu-item-8047\" class=\"menu-item menu-item-type-post_type menu-item-object-page menu-item-8047\"><a href=\"https:\/\/www.cis.vn\/en\/dich-vu-lam-giay-phep-lao-dong-cho-nguoi-nuoc-ngoai\/\">Service of work permit for foreigners<\/a><\/li>\n<li id=\"menu-item-9202\" class=\"menu-item menu-item-type-post_type menu-item-object-page menu-item-9202\"><a href=\"https:\/\/www.cis.vn\/en\/dich-vu-tu-van-doanh-nghiep\/\">Enterprise consulting service<\/a><\/li>\n<li id=\"menu-item-9203\" class=\"menu-item menu-item-type-post_type menu-item-object-page menu-item-9203\"><a href=\"https:\/\/www.cis.vn\/en\/dich-vu-dang-ky-website-ung-dung-voi-bo-cong-thuong\/\">Website\/app registration service with the Ministry of Industry and Trade<\/a><\/li>\n<li id=\"menu-item-9204\" class=\"menu-item menu-item-type-post_type menu-item-object-page menu-item-9204\"><a href=\"https:\/\/www.cis.vn\/en\/dich-vu-lam-the-tam-tru-cho-nguoi-nuoc-ngoai\/\">Temporary residence card for foreigner<\/a><\/li>\n<li id=\"menu-item-9205\" class=\"menu-item menu-item-type-post_type menu-item-object-page menu-item-9205\"><a href=\"https:\/\/www.cis.vn\/en\/dich-vu-dang-ky-song-tich-cho-viet-kieu-cua-cong-ty-luat-cis\/\">Dual citizenship registration service for overseas Vietnamese of CIS Law Firm<\/a><\/li>\n<\/ul><\/div><\/div><\/div><\/div><\/div>","protected":false},"excerpt":{"rendered":"<p>I.\/ V\u1ec1 C\u00f4ng ty Lu\u1eadt CIS: C\u00f4ng ty Lu\u1eadt CIS l\u00e0 m\u1ed9t trong nh\u1eefng c\u00f4ng ty lu\u1eadt uy t\u00edn, chuy\u00ean nghi\u1ec7p t\u1ea1i Th\u00e0nh ph\u1ed1 H\u1ed3 Ch\u00ed Minh, chuy\u00ean cung c\u1ea5p d\u1ecbch v\u1ee5 ph\u00e1p l\u00fd v\u00e0 t\u01b0 v\u1ea5n ph\u00e1p lu\u1eadt, \u0111\u01b0\u1ee3c th\u00e0nh l\u1eadp v\u00e0o n\u0103m 2008 b\u1edfi \u0111\u1ed9i ng\u0169 Lu\u1eadt s\u01b0 v\u00e0 chuy\u00ean gia gi\u00e0u kinh nghi\u1ec7m. Trong qu\u00e1 tr\u00ecnh ho\u1ea1t \u0111\u1ed9ng, CIS Law Firm \u0111\u00e3 kh\u1eb3ng \u0111\u1ecbnh \u0111\u01b0\u1ee3c v\u1ecb tr\u00ed&hellip; <\/p>\n","protected":false},"author":1,"featured_media":0,"parent":0,"menu_order":0,"comment_status":"closed","ping_status":"closed","template":"layouts\/page-fullwidth.php","meta":[],"_links":{"self":[{"href":"https:\/\/www.cis.vn\/en\/wp-json\/wp\/v2\/pages\/7988"}],"collection":[{"href":"https:\/\/www.cis.vn\/en\/wp-json\/wp\/v2\/pages"}],"about":[{"href":"https:\/\/www.cis.vn\/en\/wp-json\/wp\/v2\/types\/page"}],"author":[{"embeddable":true,"href":"https:\/\/www.cis.vn\/en\/wp-json\/wp\/v2\/users\/1"}],"replies":[{"embeddable":true,"href":"https:\/\/www.cis.vn\/en\/wp-json\/wp\/v2\/comments?post=7988"}],"version-history":[{"count":17,"href":"https:\/\/www.cis.vn\/en\/wp-json\/wp\/v2\/pages\/7988\/revisions"}],"predecessor-version":[{"id":7991,"href":"https:\/\/www.cis.vn\/en\/wp-json\/wp\/v2\/pages\/7988\/revisions\/7991"}],"wp:attachment":[{"href":"https:\/\/www.cis.vn\/en\/wp-json\/wp\/v2\/media?parent=7988"}],"curies":[{"name":"wp","href":"https:\/\/api.w.org\/{rel}","templated":true}]}}