{"id":8018,"date":"2021-10-07T10:43:28","date_gmt":"2021-10-07T03:43:28","guid":{"rendered":"https:\/\/www.cis.vn\/?page_id=8018"},"modified":"2021-10-07T12:02:40","modified_gmt":"2021-10-07T05:02:40","slug":"dich-vu-lam-giay-phep-lao-dong-cho-nguoi-nuoc-ngoai","status":"publish","type":"page","link":"https:\/\/www.cis.vn\/en\/dich-vu-lam-giay-phep-lao-dong-cho-nguoi-nuoc-ngoai\/","title":{"rendered":"Service of work permit for foreigners"},"content":{"rendered":"<div id=\"pl-8018\"  class=\"panel-layout\" ><div id=\"pg-8018-0\"  class=\"panel-grid panel-no-style\" ><div id=\"pgc-8018-0-0\"  class=\"panel-grid-cell\" ><div id=\"panel-8018-0-0-0\" class=\"so-panel widget widget_black-studio-tinymce widget_black_studio_tinymce panel-first-child panel-last-child\" data-index=\"0\" ><div class=\"textwidget\"><h3><span style=\"background-color: #ffcc99; color: #000000;\"><strong><em>1. V\u1ec1 C\u00f4ng ty Lu\u1eadt CIS <\/em><\/strong><\/span><\/h3>\n<p style=\"text-align: justify;\"><span style=\"color: #ff6600;\"><strong>C\u00f4ng ty Lu\u1eadt CIS <\/strong><\/span>l\u00e0 c\u00f4ng ty lu\u1eadt ho\u1ea1t \u0111\u1ed9ng trong l\u0129nh v\u1ef1c t\u01b0 v\u1ea5n v\u00e0 cung c\u1ea5p d\u1ecbch v\u1ee5 ph\u00e1p l\u00fd, \u0111\u01b0\u1ee3c th\u00e0nh l\u1eadp v\u00e0o n\u0103m 2008 b\u1edfi <a href=\"https:\/\/www.cis.vn\/about-gioi-thieu\/lawyers-experts-luat-su-va-chuyen-gia\/\" target=\"_blank\" rel=\"noopener\"><span style=\"color: #ff6600;\"><strong><u>c\u00e1c lu\u1eadt s\u01b0<\/u><\/strong><\/span><\/a>\u00a0c\u00f3 uy t\u00edn. Ch\u00fang t\u00f4i \u0111\u00e3 x\u00e2y d\u1ef1ng m\u1ed9t \u0111\u1ed9i ng\u0169 lu\u1eadt s\u01b0, <a href=\"https:\/\/www.cis.vn\/about-gioi-thieu\/staffs-nhan-vien\/\" target=\"_blank\" rel=\"noopener\"><span style=\"color: #ff6600;\"><strong><u>chuy\u00ean vi\u00ean<\/u><\/strong><strong><u>\u00a0<\/u><\/strong><\/span><\/a> chuy\u00ean nghi\u1ec7p, ch\u1ea5t l\u01b0\u1ee3ng v\u1edbi n\u1ec1n t\u1ea3ng ki\u1ebfn th\u1ee9c v\u1eefng ch\u1eafc v\u00e0 nhi\u1ec1u kinh nghi\u1ec7m trong ngh\u1ec1.<\/p>\n<p style=\"text-align: justify;\"><strong>C\u00f4ng ty Lu\u1eadt CIS <\/strong>cung c\u1ea5p c\u00e1c d\u1ecbch v\u1ee5 ph\u00e1p l\u00fd to\u00e0n di\u1ec7n trong nhi\u1ec1u l\u0129nh v\u1ef1c, trong \u0111\u00f3 ch\u00fang t\u00f4i c\u00f3 th\u1ebf m\u1ea1nh v\u1ec1 d\u1ecbch v\u1ee5 h\u1ed7 tr\u1ee3 Ng\u01b0\u1eddi n\u01b0\u1edbc ngo\u00e0i v\u00e0 Vi\u1ec7t ki\u1ec1u t\u1ea1i Vi\u1ec7t Nam, \u0111\u1eb7c bi\u1ec7t l\u00e0 d\u1ecbch v\u1ee5 xin Gi\u1ea5y ph\u00e9p lao \u0111\u1ed9ng (work permit), th\u1ebb t\u1ea1m tr\u00fa, th\u1ecb th\u1ef1c (visa) cho Ng\u01b0\u1eddi n\u01b0\u1edbc ngo\u00e0i, \u2026<\/p>\n<p><img class=\"aligncenter wp-image-7338\" src=\"https:\/\/www.cis.vn\/wp-content\/uploads\/2021\/09\/giahanworkpermit1.jpg\" alt=\"giay-phep-lao-dong\" width=\"500\" height=\"280\" \/><\/p>\n<h3><span style=\"background-color: #ffcc99; color: #000000;\"><strong><em>2. D\u1ecbch v\u1ee5 Gi\u1ea5y ph\u00e9p lao \u0111\u1ed9ng c\u1ee7a C\u00f4ng ty Lu\u1eadt CIS<\/em><\/strong><\/span><\/h3>\n<p style=\"text-align: justify;\"><strong>C\u00f4ng ty Lu\u1eadt CIS <\/strong>kh\u00f4ng ng\u1eebng n\u1ed7 l\u1ef1c mang \u0111\u1ebfn d\u1ecbch v\u1ee5 t\u1ed1t nh\u1ea5t cho Kh\u00e1ch h\u00e0ng v\u1edbi quy tr\u00ecnh l\u00e0m vi\u1ec7c chuy\u00ean nghi\u1ec7p t\u1eeb kh\u00e2u t\u01b0 v\u1ea5n, th\u1ea9m \u0111\u1ecbnh h\u1ed3 s\u01a1, b\u00e1o gi\u00e1, h\u01b0\u1edbng d\u1eabn Kh\u00e1ch h\u00e0ng cung c\u1ea5p, chu\u1ea9n b\u1ecb h\u1ed3 s\u01a1 \u0111\u1ebfn khi tr\u1ea3 Gi\u1ea5y ph\u00e9p \u0111\u1ebfn t\u1eadn tay cho Kh\u00e1ch h\u00e0ng.<\/p>\n<p><strong>\u2666 Th\u1ea9m \u0111\u1ecbnh, \u0111\u00e1nh gi\u00e1 h\u1ed3 s\u01a1, \u0111\u1ea3m b\u1ea3o t\u1ef7 l\u1ec7 h\u1ed3 s\u01a1 th\u00e0nh c\u00f4ng cao nh\u1ea5t<\/strong><\/p>\n<p style=\"text-align: justify;\">Tr\u01b0\u1edbc khi k\u00fd H\u1ee3p \u0111\u1ed3ng d\u1ecbch v\u1ee5, Ch\u00fang t\u00f4i lu\u00f4n ti\u1ebfn h\u00e0nh b\u01b0\u1edbc <strong>th\u1ea9m \u0111\u1ecbnh, \u0111\u00e1nh gi\u00e1 h\u1ed3 s\u01a1 <\/strong>c\u1ee7a Kh\u00e1ch h\u00e0ng. Ch\u00fang t\u00f4i c\u00f3 kh\u1ea3 n\u0103ng x\u00e1c \u0111\u1ecbnh \u0111\u01b0\u1ee3c ch\u00ednh x\u00e1c kh\u1ea3 n\u0103ng \u0111\u1eadu hay r\u1edbt c\u1ee7a h\u1ed3 s\u01a1 l\u00e0m Gi\u1ea5y ph\u00e9p lao \u0111\u1ed9ng. \u0110i\u1ec1u n\u00e0y gi\u00fap Kh\u00e1ch h\u00e0ng ti\u1ebft ki\u1ec7m th\u1eddi gian v\u00e0 chi ph\u00ed v\u00ec th\u1ee7 t\u1ee5c xin Gi\u1ea5y ph\u00e9p lao \u0111\u1ed9ng ph\u1ee9c t\u1ea1p v\u00e0 \u0111\u00f2i h\u1ecfi \u0111\u00e1p \u1ee9ng nhi\u1ec1u \u0111i\u1ec1u ki\u1ec7n. Vi\u1ec7c th\u1ea9m \u0111\u1ecbnh tr\u01b0\u1edbc h\u1ed3 s\u01a1 gi\u00fap Kh\u00e1ch h\u00e0ng hi\u1ec3u r\u00f5 t\u00ecnh tr\u1ea1ng h\u1ed3 s\u01a1 v\u00e0 gi\u1ea3m thi\u1ec3u r\u1ee7i ro h\u1ed3 s\u01a1 b\u1ecb y\u00eau c\u1ea7u s\u1eeda \u0111\u1ed5i, b\u1ed5 sung ho\u1eb7c t\u1eeb ch\u1ed1i.<\/p>\n<p><strong>\u2666 T\u01b0 v\u1ea5n k\u1ef9 l\u01b0\u1ee1ng, \u0111\u01b0a ph\u01b0\u01a1ng \u00e1n t\u1ed1t nh\u1ea5t cho Kh\u00e1ch h\u00e0ng<\/strong><\/p>\n<p style=\"text-align: justify;\">C\u00f3 nhi\u1ec1u \u0111\u1ed1i t\u01b0\u1ee3ng \u0111\u01b0\u1ee3c c\u1ea5p Gi\u1ea5y ph\u00e9p lao \u0111\u1ed9ng nh\u01b0 chuy\u00ean gia, nh\u00e0 qu\u1ea3n l\u00fd, lao \u0111\u1ed9ng k\u1ef9 thu\u1eadt, \u2026 V\u00e0, m\u1ed7i \u0111\u1ed1i t\u01b0\u1ee3ng s\u1ebd ph\u1ea3i \u0111\u00e1p \u1ee9ng c\u00e1c \u0111i\u1ec1u ki\u1ec7n kh\u00e1c nhau. Theo \u0111\u00f3, Ch\u00fang t\u00f4i t\u01b0 v\u1ea5n v\u00e0 \u0111\u01b0a ra ph\u01b0\u01a1ng \u00e1n xin Gi\u1ea5y ph\u00e9p lao \u0111\u1ed9ng ph\u00f9 h\u1ee3p nh\u1ea5t v\u1edbi c\u00e1c gi\u1ea5y t\u1edd Kh\u00e1ch h\u00e0ng \u0111ang c\u00f3.<\/p>\n<p><strong>\u2666 Th\u1ef1c hi\u1ec7n d\u1ecbch v\u1ee5 tr\u1ecdn g\u00f3i, t\u1ed1i \u01b0u chi ph\u00ed<\/strong><\/p>\n<ul style=\"text-align: justify;\">\n<li>Th\u1ee7 t\u1ee5c xin Gi\u1ea5y ph\u00e9p lao \u0111\u1ed9ng ph\u1ea3i th\u1ef1c hi\u1ec7n qua nhi\u1ec1u b\u01b0\u1edbc: kh\u00e1m s\u1ee9c kho\u1ebb, xin l\u00fd l\u1ecbch t\u01b0 ph\u00e1p, h\u1ee3p ph\u00e1p ho\u00e1 l\u00e3nh s\u1ef1 gi\u1ea5y t\u1edd t\u1ea1i S\u1edf ngo\u1ea1i v\u1ee5, d\u1ecbch thu\u1eadt c\u00f4ng ch\u1ee9ng gi\u1ea5y t\u1edd c\u1ee7a n\u01b0\u1edbc ngo\u00e0i c\u1ea5p, gi\u1ea3i tr\u00ecnh nhu c\u1ea7u s\u1eed d\u1ee5ng lao \u0111\u1ed9ng n\u01b0\u1edbc ngo\u00e0i, \u2026 Trong t\u1eebng c\u00f4ng vi\u1ec7c n\u00e0y, Ch\u00fang t\u00f4i lu\u00f4n \u0111\u1ed3ng h\u00e0nh v\u00e0 h\u1ed7 tr\u1ee3 Kh\u00e1ch h\u00e0ng \u0111\u1ec3 h\u1ed3 s\u01a1 \u0111\u01b0\u1ee3c thu\u1eadn l\u1ee3i v\u00e0 nhanh ch\u00f3ng.<\/li>\n<li>Th\u1ee7 t\u1ee5c xin c\u1ea5p Gi\u1ea5y ph\u00e9p lao \u0111\u1ed9ng ph\u1ea3i chu\u1ea9n b\u1ecb kh\u00e1 nhi\u1ec1u gi\u1ea5y t\u1edd, h\u1ed3 s\u01a1. Theo \u0111\u00f3, ch\u00fang t\u00f4i h\u01b0\u1edbng d\u1eabn Kh\u00e1ch h\u00e0ng cung c\u1ea5p h\u1ed3 s\u01a1 \u0111\u1ea7y \u0111\u1ee7, m\u1ed9t l\u1ea7n. Trong qu\u00e1 tr\u00ecnh l\u00e0m Gi\u1ea5y ph\u00e9p lao \u0111\u1ed9ng, Kh\u00e1ch h\u00e0ng KH\u00d4NG ph\u1ea3i cung c\u1ea5p b\u1ed5 sung gi\u1ea5y t\u1edd v\u00e0 tuy\u1ec7t \u0111\u1ed1i KH\u00d4NG ph\u00e1t sinh th\u00eam chi ph\u00ed trong qu\u00e1 tr\u00ecnh th\u1ef1c hi\u1ec7n.<\/li>\n<\/ul>\n<p><strong>\u2666 H\u01a1n 10 n\u0103m kinh nghi\u1ec7m<\/strong><\/p>\n<p style=\"text-align: justify;\">Ch\u00fang t\u00f4i \u0111\u00e3 t\u01b0 v\u1ea5n, h\u1ed7 tr\u1ee3 v\u00e0 xin Gi\u1ea5y ph\u00e9p lao \u0111\u1ed9ng th\u00e0nh c\u00f4ng cho r\u1ea5t nhi\u1ec1u Kh\u00e1ch h\u00e0ng, nh\u01b0: C\u00f4ng ty TNHH \u0110\u1ea7u t\u01b0 Ph\u00e1t tri\u1ec3n H\u00e2n Nguy\u1ec5n xin c\u1ea5p Gi\u1ea5y ph\u00e9p lao \u0111\u1ed9ng cho chuy\u00ean gia Bulgaria, C\u00f4ng ty TNHH Light Shape xin c\u1ea5p Gi\u1ea5y ph\u00e9p lao \u0111\u1ed9ng cho chuy\u00ean gia M\u1ef9, C\u00f4ng ty CP Th\u01b0\u01a1ng M\u1ea1i Th\u1ef1c Ph\u1ea9m Mai X\u00e1 SG xin c\u1ea5p m\u1edbi Gi\u1ea5y ph\u00e9p lao \u0111\u1ed9ng v\u00e0 gia h\u1ea1n Gi\u1ea5y ph\u00e9p lao \u0111\u1ed9ng cho chuy\u00ean gia Nh\u1eadt B\u1ea3n, \u2026<\/p>\n<p><strong>\u2666 M\u1ed1i quan h\u1ec7 t\u1ed1t \u0111\u1eb9p v\u1edbi c\u01a1 quan Nh\u00e0 n\u01b0\u1edbc c\u00f3 th\u1ea9m quy\u1ec1n<\/strong><\/p>\n<p style=\"text-align: justify;\">Ch\u00fang t\u00f4i lu\u00f4n coi tr\u1ecdng v\u00e0 x\u00e2y d\u1ef1ng c\u00e1c m\u1ed1i quan h\u1ec7 c\u1ea7n thi\u1ebft nh\u1eb1m h\u1ed7 tr\u1ee3 c\u00e1c y\u00eau c\u1ea7u c\u1ee7a Kh\u00e1ch h\u00e0ng m\u1ed9t c\u00e1ch nhanh nh\u1ea5t, thu\u1eadn ti\u1ec7n nh\u1ea5t v\u00e0 c\u00f3 k\u1ebft qu\u1ea3 t\u1ed1t nh\u1ea5t.<\/p>\n<p><strong>\u2666 Chuy\u00ean x\u1eed l\u00fd h\u1ed3 s\u01a1 kh\u00f3<\/strong><\/p>\n<p style=\"text-align: justify;\">H\u1ed3 s\u01a1 xin Gi\u1ea5y ph\u00e9p lao \u0111\u1ed9ng y\u00eau c\u1ea7u nhi\u1ec1u \u0111i\u1ec1u ki\u1ec7n kh\u1eaft khe m\u00e0 Ng\u01b0\u1eddi n\u01b0\u1edbc ngo\u00e0i ph\u1ea3i \u0111\u00e1p \u1ee9ng nh\u01b0 Ng\u01b0\u1eddi n\u01b0\u1edbc ngo\u00e0i ph\u1ea3i c\u00f3 tr\u00ecnh \u0111\u1ed9 chuy\u00ean m\u00f4n, k\u1ef9 thu\u1eadt, tay ngh\u1ec1, kinh nghi\u1ec7m l\u00e0m vi\u1ec7c. R\u1ea5t nhi\u1ec1u tr\u01b0\u1eddng h\u1ee3p Ng\u01b0\u1eddi n\u01b0\u1edbc ngo\u00e0i c\u00f3 kinh nghi\u1ec7m l\u00e0m vi\u1ec7c v\u00e0 c\u00f3 tr\u00ecnh \u0111\u1ed9 chuy\u00ean m\u00f4n cao nh\u01b0ng l\u1ea1i thi\u1ebfu 1 s\u1ed1 gi\u1ea5y t\u1edd, v\u00ed d\u1ee5: b\u1eb1ng \u0111\u1ea1i h\u1ecdc\/ ch\u1ee9ng ch\u1ec9. Ch\u00fang t\u00f4i c\u00f3 g\u00f3i d\u1ecbch v\u1ee5 <strong>h\u1ed3 s\u01a1 kh\u00f3 <\/strong>cho nh\u1eefng h\u1ed3 s\u01a1 n\u00e0y.<\/p>\n<p><strong>\u2666 Quy tr\u00ecnh thanh to\u00e1n an to\u00e0n:<\/strong><\/p>\n<ul style=\"text-align: justify;\">\n<li>Ti\u1ebfn \u0111\u1ed9 thanh to\u00e1n chi ph\u00ed xin c\u1ea5p Gi\u1ea5y ph\u00e9p lao \u0111\u1ed9ng linh ho\u1ea1t. \u0110\u1eb7c bi\u1ec7t, <strong>sau khi Kh\u00e1ch h\u00e0ng nh\u1eadn Gi\u1ea5y ph\u00e9p lao \u0111\u1ed9ng<\/strong>, Kh\u00e1ch h\u00e0ng m\u1edbi ph\u1ea3i thanh to\u00e1n h\u1ebft ph\u00ed d\u1ecbch v\u1ee5.<\/li>\n<li>Ch\u00fang t\u00f4i cam k\u1ebft <strong>ho\u00e0n tr\u1ea3 ti\u1ec1n<\/strong> cho Kh\u00e1ch h\u00e0ng n\u1ebfu C\u00f4ng ty Lu\u1eadt c\u00f3 l\u1ed7i d\u1eabn \u0111\u1ebfn h\u1ed3 s\u01a1 b\u1ecb t\u1eeb ch\u1ed1i.<\/li>\n<\/ul>\n<p><strong>\u2666 H\u1ed7 tr\u1ee3 doanh nghi\u1ec7p sau khi c\u00f3 Gi\u1ea5y ph\u00e9p lao \u0111\u1ed9ng:<\/strong><\/p>\n<p style=\"text-align: justify;\">Kh\u00f4ng ch\u1ec9 d\u1eebng l\u1ea1i \u1edf vi\u1ec7c xin Gi\u1ea5y ph\u00e9p lao \u0111\u1ed9ng cho Kh\u00e1ch h\u00e0ng, sau khi \u0111\u01b0\u1ee3c c\u1ea5p Gi\u1ea5y ph\u00e9p lao \u0111\u1ed9ng, C\u00f4ng ty Lu\u1eadt h\u1ed7 tr\u1ee3 doanh nghi\u1ec7p trong c\u00e1c vi\u1ec7c sau:<\/p>\n<ul style=\"text-align: justify;\">\n<li>T\u01b0 v\u1ea5n \u0111i\u1ec1u ki\u1ec7n th\u1ee7 t\u1ee5c ph\u00e1p l\u00fd k\u00fd h\u1ee3p \u0111\u1ed3ng lao \u0111\u1ed9ng sau khi \u0111\u01b0\u1ee3c c\u1ea5p Gi\u1ea5y ph\u00e9p lao \u0111\u1ed9ng t\u1ea1i Vi\u1ec7t Nam;<\/li>\n<li>T\u01b0 v\u1ea5n th\u1ee7 t\u1ee5c ph\u00e1p l\u00fd v\u1ec1 qu\u1ea3n l\u00fd, b\u00e1o c\u00e1o t\u00ecnh h\u00ecnh s\u1eed d\u1ee5ng lao \u0111\u1ed9ng n\u01b0\u1edbc ngo\u00e0i t\u1ea1i Vi\u1ec7t Nam;<\/li>\n<li>T\u01b0 v\u1ea5n th\u1ef1c hi\u1ec7n xin <a href=\"https:\/\/www.cis.vn\/services-dich-vu\/temporary-residence-card-the-tam-tru\/\" target=\"_blank\" rel=\"noopener\"><span style=\"color: #ff6600;\"><strong><u>Th\u1ebb t\u1ea1m tr\u00fa<\/u><\/strong><\/span><\/a>, gia h\u1ea1n Th\u1ebb t\u1ea1m tr\u00fa cho Ng\u01b0\u1eddi n\u01b0\u1edbc ngo\u00e0i;<\/li>\n<li>T\u01b0 v\u1ea5n <a href=\"https:\/\/www.cis.vn\/gia-han-giay-phep-lao-dong-cho-nguoi-nuoc-ngoai\/\" target=\"_blank\" rel=\"noopener\"><span style=\"color: #ff6600;\"><strong><u>gia h\u1ea1n Gi\u1ea5y ph\u00e9p lao \u0111\u1ed9ng<\/u><\/strong><\/span><\/a> khi h\u1ebft h\u1ea1n;<\/li>\n<li>T\u01b0 v\u1ea5n <a href=\"https:\/\/www.cis.vn\/cap-lai-giay-phep-lao-dong-cho-nguoi-nuoc-ngoai\/\" target=\"_blank\" rel=\"noopener\"><span style=\"color: #ff6600;\"><strong><u>c\u1ea5p l\u1ea1i Gi\u1ea5y ph\u00e9p lao \u0111\u1ed9ng<\/u><\/strong><\/span><\/a> khi h\u1ecfng, m\u1ea5t, thay \u0111\u1ed5i th\u00f4ng tin;<\/li>\n<\/ul>\n<p><strong style=\"font-size: 15px;\"><em>T\u1ea5t c\u1ea3 nh\u1eefng g\u00ec Qu\u00fd Kh\u00e1ch h\u00e0ng c\u1ea7n l\u00e0m l\u00e0 li\u00ean h\u1ec7 v\u1edbi Ch\u00fang t\u00f4i \u0111\u1ec3 \u0111\u01b0\u1ee3c ph\u1ee5c v\u1ee5 tr\u1ecdn g\u00f3i!<\/em><\/strong><\/p>\n<p style=\"text-align: justify;\"><span style=\"color: #ff6600;\"><strong>PH\u00d2NG PH\u00c1P L\u00dd DOANH NGHI\u1ec6P \u2013 CIS LAW FIRM<\/strong><\/span><\/p>\n<p style=\"text-align: justify;\"><strong>109 Ho\u00e0ng Sa, P. \u0110a Kao, Qu\u1eadn 1, TP. H\u1ed3 Ch\u00ed Minh<br \/>\n<\/strong><strong>\u0110i\u1ec7n tho\u1ea1i: 028 3911 8581 \u2013 3911 8582\u00a0\u00a0\u00a0 \u00a0\u00a0\u00a0\u00a0\u00a0\u00a0\u00a0\u00a0\u00a0\u00a0\u00a0 Hotline: 0916 568 101<br \/>\n<\/strong><strong>Email:\u00a0<\/strong><a href=\"mailto:info@cis.vn\"><strong>info@cis.vn<\/strong><\/a><\/p>\n<p style=\"text-align: justify;\">\n<\/div><\/div><\/div><div id=\"pgc-8018-0-1\"  class=\"panel-grid-cell\" ><div id=\"panel-8018-0-1-0\" class=\"so-panel widget widget_search panel-first-child\" data-index=\"1\" ><form role=\"search\" method=\"get\" class=\"search-form\" action=\"https:\/\/www.cis.vn\/en\/\">\n\t\t\t\t<label>\n\t\t\t\t\t<span class=\"screen-reader-text\">Search for:<\/span>\n\t\t\t\t\t<input type=\"search\" class=\"search-field\" placeholder=\"Search &hellip;\" value=\"\" name=\"s\" \/>\n\t\t\t\t<\/label>\n\t\t\t\t<input type=\"submit\" class=\"search-submit\" value=\"Search\" \/>\n\t\t\t<\/form><\/div><div id=\"panel-8018-0-1-1\" class=\"so-panel widget widget_nav_menu\" data-index=\"2\" ><h3 class=\"widget-title\">Our Services<\/h3><div class=\"menu-services_menu-container\"><ul id=\"menu-services_menu\" class=\"menu\"><li id=\"menu-item-2877\" class=\"menu-item menu-item-type-post_type menu-item-object-page menu-item-2877\"><a href=\"https:\/\/www.cis.vn\/en\/services-dich-vu\/apec-card-the-apec\/\">Apec card<\/a><\/li>\n<li id=\"menu-item-2878\" class=\"menu-item menu-item-type-post_type menu-item-object-page menu-item-2878\"><a href=\"https:\/\/www.cis.vn\/en\/services-dich-vu\/intellectual-property-so-huu-tri-tue\/\">Intellectual property<\/a><\/li>\n<li id=\"menu-item-2879\" class=\"menu-item menu-item-type-post_type menu-item-object-page menu-item-2879\"><a href=\"https:\/\/www.cis.vn\/en\/services-dich-vu\/enterprise-advise-tu-van-doanh-nghiep\/\">Enterprises consultancy<\/a><\/li>\n<li id=\"menu-item-2880\" class=\"menu-item menu-item-type-post_type menu-item-object-page menu-item-2880\"><a href=\"https:\/\/www.cis.vn\/en\/services-dich-vu\/investment-license-giay-phep-dau-tu\/\">Investment Registration Certificate<\/a><\/li>\n<li id=\"menu-item-2881\" class=\"menu-item menu-item-type-post_type menu-item-object-page menu-item-2881\"><a href=\"https:\/\/www.cis.vn\/en\/services-dich-vu\/luat-su-tranh-tung\/\">Litigation Attorneys<\/a><\/li>\n<li id=\"menu-item-2882\" class=\"menu-item menu-item-type-post_type menu-item-object-page menu-item-2882\"><a href=\"https:\/\/www.cis.vn\/en\/services-dich-vu\/overseas-vietnamese-viet-kieu-nguoi-nuoc-ngoai\/\">Overseas Vietnamese<\/a><\/li>\n<li id=\"menu-item-2965\" class=\"menu-item menu-item-type-post_type menu-item-object-page menu-item-2965\"><a href=\"https:\/\/www.cis.vn\/en\/services-dich-vu\/temporary-residence-card-the-tam-tru\/\">Temporary residence card<\/a><\/li>\n<li id=\"menu-item-2890\" class=\"menu-item menu-item-type-post_type menu-item-object-page menu-item-2890\"><a href=\"https:\/\/www.cis.vn\/en\/services-dich-vu\/labour-disputes-settlement-giai-quyet-tranh-chap-lao-dong\/\">Labour disputes settlement<\/a><\/li>\n<li id=\"menu-item-2883\" class=\"menu-item menu-item-type-post_type menu-item-object-page menu-item-2883\"><a href=\"https:\/\/www.cis.vn\/en\/services-dich-vu\/work-permits-giay-phep-lao-dong\/\">Work permits<\/a><\/li>\n<\/ul><\/div><\/div><style>.rpwe-block ul{\nlist-style: none !important;\nmargin-left: 0 !important;\npadding-left: 0 !important;\n}\n\n.rpwe-block li{\nborder-bottom: 1px solid #eee;\nmargin-bottom: 10px;\npadding-bottom: 10px;\nlist-style-type: none;\n}\n\n.rpwe-block a{\ndisplay: inline !important;\ntext-decoration: none;\n}\n\n.rpwe-block h3{\nbackground: none !important;\nclear: none;\nmargin-bottom: 0 !important;\nmargin-top: 0 !important;\nfont-weight: 400;\nfont-size: 14px !important;\nline-height: 1.5em;\n}\n\n.rpwe-thumb{\nborder: 1px solid #eee !important;\nbox-shadow: none !important;\nmargin: 2px 10px 2px 0;\npadding: 3px !important;\n}\n\n.rpwe-summary{\nfont-size: 12px;\n}\n\n.rpwe-time{\ncolor: #bbb;\nfont-size: 11px;\n}\n\n.rpwe-comment{\ncolor: #bbb;\nfont-size: 11px;\npadding-left: 5px;\n}\n\n.rpwe-alignleft{\ndisplay: inline;\nfloat: left;\n}\n\n.rpwe-alignright{\ndisplay: inline;\nfloat: right;\n}\n\n.rpwe-aligncenter{\ndisplay: block;\nmargin-left: auto;\nmargin-right: auto;\n}\n\n.rpwe-clearfix:before,\n.rpwe-clearfix:after{\ncontent: \"\";\ndisplay: table !important;\n}\n\n.rpwe-clearfix:after{\nclear: both;\n}\n\n.rpwe-clearfix{\nzoom: 1;\n}\n<\/style><div id=\"panel-8018-0-1-3\" class=\"so-panel widget widget_nav_menu panel-last-child\" data-index=\"4\" ><h3 class=\"widget-title\">Main services<\/h3><div class=\"menu-dich-vu-chuyen-nghiep-container\"><ul id=\"menu-dich-vu-chuyen-nghiep\" class=\"menu\"><li id=\"menu-item-8046\" class=\"menu-item menu-item-type-post_type menu-item-object-page menu-item-8046\"><a href=\"https:\/\/www.cis.vn\/en\/dich-vu-xin-cap-the-apec-tai-cong-ty-luat-cis\/\">Service of APEC Card at CIS Law Firm<\/a><\/li>\n<li id=\"menu-item-8048\" class=\"menu-item menu-item-type-post_type menu-item-object-page menu-item-8048\"><a href=\"https:\/\/www.cis.vn\/en\/dang-ky-thuong-hieu-tai-cong-ty-luat-cis\/\">Register a trademark at CIS Law Firm<\/a><\/li>\n<li id=\"menu-item-8050\" class=\"menu-item menu-item-type-post_type menu-item-object-page menu-item-8050\"><a href=\"https:\/\/www.cis.vn\/en\/dich-vu-dang-ky-ban-quyen-tai-cong-ty-luat-cis\/\">Copyright registration services at Cis Law Firm<\/a><\/li>\n<li id=\"menu-item-8049\" class=\"menu-item menu-item-type-post_type menu-item-object-page menu-item-8049\"><a href=\"https:\/\/www.cis.vn\/en\/dich-vu-tu-van-dau-tu\/\">Foreign Investment consultancy services<\/a><\/li>\n<li id=\"menu-item-8047\" class=\"menu-item menu-item-type-post_type menu-item-object-page menu-item-8047\"><a href=\"https:\/\/www.cis.vn\/en\/dich-vu-lam-giay-phep-lao-dong-cho-nguoi-nuoc-ngoai\/\">Service of work permit for foreigners<\/a><\/li>\n<li id=\"menu-item-9202\" class=\"menu-item menu-item-type-post_type menu-item-object-page menu-item-9202\"><a href=\"https:\/\/www.cis.vn\/en\/dich-vu-tu-van-doanh-nghiep\/\">Enterprise consulting service<\/a><\/li>\n<li id=\"menu-item-9203\" class=\"menu-item menu-item-type-post_type menu-item-object-page menu-item-9203\"><a href=\"https:\/\/www.cis.vn\/en\/dich-vu-dang-ky-website-ung-dung-voi-bo-cong-thuong\/\">Website\/app registration service with the Ministry of Industry and Trade<\/a><\/li>\n<li id=\"menu-item-9204\" class=\"menu-item menu-item-type-post_type menu-item-object-page menu-item-9204\"><a href=\"https:\/\/www.cis.vn\/en\/dich-vu-lam-the-tam-tru-cho-nguoi-nuoc-ngoai\/\">Temporary residence card for foreigner<\/a><\/li>\n<li id=\"menu-item-9205\" class=\"menu-item menu-item-type-post_type menu-item-object-page menu-item-9205\"><a href=\"https:\/\/www.cis.vn\/en\/dich-vu-dang-ky-song-tich-cho-viet-kieu-cua-cong-ty-luat-cis\/\">Dual citizenship registration service for overseas Vietnamese of CIS Law Firm<\/a><\/li>\n<\/ul><\/div><\/div><\/div><\/div><\/div>","protected":false},"excerpt":{"rendered":"<p>1. V\u1ec1 C\u00f4ng ty Lu\u1eadt CIS C\u00f4ng ty Lu\u1eadt CIS l\u00e0 c\u00f4ng ty lu\u1eadt ho\u1ea1t \u0111\u1ed9ng trong l\u0129nh v\u1ef1c t\u01b0 v\u1ea5n v\u00e0 cung c\u1ea5p d\u1ecbch v\u1ee5 ph\u00e1p l\u00fd, \u0111\u01b0\u1ee3c th\u00e0nh l\u1eadp v\u00e0o n\u0103m 2008 b\u1edfi c\u00e1c lu\u1eadt s\u01b0\u00a0c\u00f3 uy t\u00edn. Ch\u00fang t\u00f4i \u0111\u00e3 x\u00e2y d\u1ef1ng m\u1ed9t \u0111\u1ed9i ng\u0169 lu\u1eadt s\u01b0, chuy\u00ean vi\u00ean\u00a0 chuy\u00ean nghi\u1ec7p, ch\u1ea5t l\u01b0\u1ee3ng v\u1edbi n\u1ec1n t\u1ea3ng ki\u1ebfn th\u1ee9c v\u1eefng ch\u1eafc v\u00e0 nhi\u1ec1u kinh nghi\u1ec7m trong ngh\u1ec1. C\u00f4ng&hellip; <\/p>\n","protected":false},"author":1,"featured_media":0,"parent":0,"menu_order":0,"comment_status":"closed","ping_status":"closed","template":"layouts\/page-fullwidth.php","meta":[],"_links":{"self":[{"href":"https:\/\/www.cis.vn\/en\/wp-json\/wp\/v2\/pages\/8018"}],"collection":[{"href":"https:\/\/www.cis.vn\/en\/wp-json\/wp\/v2\/pages"}],"about":[{"href":"https:\/\/www.cis.vn\/en\/wp-json\/wp\/v2\/types\/page"}],"author":[{"embeddable":true,"href":"https:\/\/www.cis.vn\/en\/wp-json\/wp\/v2\/users\/1"}],"replies":[{"embeddable":true,"href":"https:\/\/www.cis.vn\/en\/wp-json\/wp\/v2\/comments?post=8018"}],"version-history":[{"count":13,"href":"https:\/\/www.cis.vn\/en\/wp-json\/wp\/v2\/pages\/8018\/revisions"}],"predecessor-version":[{"id":8023,"href":"https:\/\/www.cis.vn\/en\/wp-json\/wp\/v2\/pages\/8018\/revisions\/8023"}],"wp:attachment":[{"href":"https:\/\/www.cis.vn\/en\/wp-json\/wp\/v2\/media?parent=8018"}],"curies":[{"name":"wp","href":"https:\/\/api.w.org\/{rel}","templated":true}]}}