{"id":9162,"date":"2022-01-21T15:38:50","date_gmt":"2022-01-21T08:38:50","guid":{"rendered":"https:\/\/www.cis.vn\/?page_id=9162"},"modified":"2022-01-21T16:34:03","modified_gmt":"2022-01-21T09:34:03","slug":"dich-vu-dang-ky-song-tich-cho-viet-kieu-cua-cong-ty-luat-cis","status":"publish","type":"page","link":"https:\/\/www.cis.vn\/en\/dich-vu-dang-ky-song-tich-cho-viet-kieu-cua-cong-ty-luat-cis\/","title":{"rendered":"Dual citizenship registration service for overseas Vietnamese of CIS Law Firm"},"content":{"rendered":"<div id=\"pl-9162\"  class=\"panel-layout\" ><div id=\"pg-9162-0\"  class=\"panel-grid panel-no-style\" ><div id=\"pgc-9162-0-0\"  class=\"panel-grid-cell\" ><div id=\"panel-9162-0-0-0\" class=\"so-panel widget widget_black-studio-tinymce widget_black_studio_tinymce panel-first-child panel-last-child\" data-index=\"0\" ><div class=\"textwidget\"><h3><span style=\"background-color: #ffcc99; color: #000000;\"><strong><em>1. V\u1ec1 C\u00f4ng ty Lu\u1eadt CIS<\/em><\/strong><\/span><\/h3>\n<p style=\"text-align: justify;\"><strong>C\u00f4ng ty Lu\u1eadt CIS <\/strong>l\u00e0 c\u00f4ng ty lu\u1eadt \u0111\u01b0\u1ee3c S\u1edf T\u01b0 ph\u00e1p Th\u00e0nh ph\u1ed1 H\u1ed3 Ch\u00ed Minh cho ph\u00e9p th\u00e0nh l\u1eadp v\u00e0o n\u0103m 2008. V\u1edbi \u0111\u1ed9i ng\u0169 <span style=\"color: #ff6600;\"><a style=\"color: #ff6600;\" href=\"https:\/\/www.cis.vn\/about-gioi-thieu\/lawyers-experts-luat-su-va-chuyen-gia\/\" target=\"_blank\" rel=\"noopener\"><strong>lu\u1eadt s\u01b0<\/strong><\/a><\/span> uy t\u00edn, nhi\u1ec1u kinh nghi\u1ec7m c\u00f9ng v\u1edbi c\u00e1c <span style=\"color: #ff6600;\"><a style=\"color: #ff6600;\" href=\"https:\/\/www.cis.vn\/about-gioi-thieu\/staffs-nhan-vien\/\" target=\"_blank\" rel=\"noopener\"><strong>chuy\u00ean vi\u00ean, nh\u00e2n vi\u00ean<\/strong><\/a><\/span> c\u00f3 ki\u1ebfn th\u1ee9c chuy\u00ean m\u00f4n v\u1eefng v\u00e0ng, n\u0103ng \u0111\u1ed9ng, t\u1eadn t\u00e2m, C\u00f4ng ty Lu\u1eadt CIS t\u1ef1 h\u00e0o l\u00e0 m\u1ed9t trong nh\u1eefng h\u00e3ng lu\u1eadt c\u00f3 uy t\u00edn tr\u00ean th\u1ecb tr\u01b0\u1eddng ph\u00e1p l\u00fd Vi\u1ec7t Nam.<\/p>\n<p style=\"text-align: justify;\"><strong>C\u00f4ng ty Lu\u1eadt CIS <\/strong>l\u00e0 m\u1ed9t trong s\u1ed1 \u00edt nh\u1eefng c\u00f4ng ty Lu\u1eadt chuy\u00ean cung c\u1ea5p d\u1ecbch v\u1ee5 <span style=\"color: #c00000;\"><strong>\u0111\u0103ng k\u00fd song t\u1ecbch cho Vi\u1ec7t Ki\u1ec1u <\/strong><\/span>(hay c\u00f2n g\u1ecdi l\u00e0<span style=\"color: #c00000;\"><strong> \u0111\u0103ng k\u00fd th\u01b0\u1eddng tr\u00fa cho Vi\u1ec7t Ki\u1ec1u t\u1ea1i Vi\u1ec7t Nam<\/strong><\/span>).<\/p>\n<h3><span style=\"background-color: #ffcc99; color: #000000;\"><strong><em>2. D\u1ecbch V\u1ee5 \u0110\u0103ng K\u00fd Song T\u1ecbch chuy\u00ean nghi\u1ec7p c\u1ee7a C\u00f4ng ty Lu\u1eadt CIS<\/em><\/strong><\/span><\/h3>\n<p style=\"text-align: justify;\"><strong>C\u00f4ng ty Lu\u1eadt CIS<\/strong> th\u1ef1c hi\u1ec7n d\u1ecbch v\u1ee5 \u0111\u0103ng k\u00fd song t\u1ecbch v\u1edbi quy tr\u00ecnh l\u00e0m vi\u1ec7c chuy\u00ean nghi\u1ec7p t\u1eeb kh\u00e2u t\u01b0 v\u1ea5n, th\u1ea9m \u0111\u1ecbnh h\u1ed3 s\u01a1, b\u00e1o gi\u00e1, h\u01b0\u1edbng d\u1eabn Kh\u00e1ch h\u00e0ng cung c\u1ea5p, chu\u1ea9n b\u1ecb gi\u1ea5y t\u1edd, n\u1ed9p h\u1ed3 s\u01a1, theo d\u00f5i qu\u00e1 tr\u00ecnh gi\u1ea3i quy\u1ebft cho \u0111\u1ebfn khi \u0111\u1ea1t \u0111\u01b0\u1ee3c k\u1ebft qu\u1ea3.<\/p>\n<p style=\"text-align: justify;\">Nh\u1eefng l\u1ee3i th\u1ebf khi s\u1eed d\u1ee5ng d\u1ecbch v\u1ee5 t\u1ea1i C\u00f4ng ty Lu\u1eadt CIS:<\/p>\n<p><span style=\"color: #000000;\"><strong>\u2666 T\u01b0 v\u1ea5n v\u00e0 th\u1ea9m \u0111\u1ecbnh h\u1ed3 s\u01a1 <\/strong><\/span><\/p>\n<p style=\"text-align: justify;\">Tr\u01b0\u1edbc khi k\u00fd H\u1ee3p \u0111\u1ed3ng d\u1ecbch v\u1ee5 ph\u00e1p l\u00fd, Ch\u00fang t\u00f4i s\u1ebd t\u01b0 v\u1ea5n \u0111i\u1ec1u ki\u1ec7n, tr\u00ecnh t\u1ef1 th\u1ee7 t\u1ee5c \u0111\u0103ng k\u00fd song t\u1ecbch cho Kh\u00e1ch h\u00e0ng. \u0110\u1eb7c bi\u1ec7t, Ch\u00fang t\u00f4i lu\u00f4n th\u1ef1c hi\u1ec7n <strong>th\u1ea9m \u0111\u1ecbnh, \u0111\u00e1nh gi\u00e1<\/strong> h\u1ed3 s\u01a1 c\u1ee7a Kh\u00e1ch h\u00e0ng c\u00f3 \u0111\u00e1p \u1ee9ng \u0111i\u1ec1u ki\u1ec7n \u0111\u0103ng k\u00fd song t\u1ecbch theo quy \u0111\u1ecbnh hay kh\u00f4ng, t\u1eeb \u0111\u00f3 d\u1ef1 li\u1ec7u c\u00e1c kh\u1ea3 n\u0103ng v\u00e0 \u0111\u01b0a ra c\u00e1c ph\u01b0\u01a1ng \u00e1n ph\u00f9 h\u1ee3p v\u1edbi t\u00ecnh tr\u1ea1ng h\u1ed3 s\u01a1 c\u1ee7a Kh\u00e1ch h\u00e0ng \u0111\u1ec3 \u0111\u1ea3m b\u1ea3o t\u1ef7 l\u1ec7 h\u1ed3 s\u01a1 th\u00e0nh c\u00f4ng cao nh\u1ea5t.<\/p>\n<p><img class=\"aligncenter size-full wp-image-9165\" src=\"https:\/\/www.cis.vn\/wp-content\/uploads\/2022\/01\/dich-vu-song-tich.jpg\" alt=\"\" width=\"680\" height=\"454\" \/><\/p>\n<p><img class=\"aligncenter size-full wp-image-9166\" src=\"https:\/\/www.cis.vn\/wp-content\/uploads\/2022\/01\/dich-vu-song-tich2.jpg\" alt=\"\" width=\"680\" height=\"417\" \/><\/p>\n<p><span style=\"color: #000000;\"><strong>\u2666 D\u1ecbch v\u1ee5 tr\u1ecdn g\u00f3i <\/strong><\/span><\/p>\n<p style=\"text-align: justify;\">Th\u1ee7 t\u1ee5c \u0111\u0103ng k\u00fd song t\u1ecbch c\u1ea7n ph\u1ea3i chu\u1ea9n b\u1ecb kh\u00e1 nhi\u1ec1u gi\u1ea5y t\u1edd, \u0111\u1eb7c bi\u1ec7t l\u00e0 ph\u1ea3i tr\u00edch l\u1ee5c c\u00e1c lo\u1ea1i gi\u1ea5y t\u1edd nh\u01b0 Gi\u1ea5y khai sinh, S\u1ed5 h\u1ed9 kh\u1ea9u th\u01b0\u1eddng tr\u00fa tr\u01b0\u1edbc khi \u0111i \u0111\u1ecbnh c\u01b0 t\u1ea1i c\u00e1c c\u01a1 quan c\u00f3 th\u1ea9m quy\u1ec1n. Th\u1eddi gian \u0111i \u0111\u1ecbnh c\u01b0 c\u1ee7a Vi\u1ec7t Ki\u1ec1u c\u00e0ng l\u00e2u th\u00ec vi\u1ec7c tr\u00edch l\u1ee5c c\u00e1c lo\u1ea1i gi\u1ea5y t\u1edd n\u00e0y c\u00e0ng m\u1ea5t nhi\u1ec1u th\u1eddi gian h\u01a1n. Vi\u1ec7c tr\u00edch l\u1ee5c c\u0169ng c\u00f3 th\u1ec3 g\u1eb7p kh\u00f3 kh\u0103n khi th\u00f4ng tin nh\u00e2n th\u00e2n c\u1ee7a Vi\u1ec7t Ki\u1ec1u c\u00f3 s\u1ef1 thay \u0111\u1ed5i.<\/p>\n<p style=\"text-align: justify;\">Song song \u0111\u00f3, th\u1eddi gian gi\u1ea3i quy\u1ebft h\u1ed3 s\u01a1 c\u1ee7a C\u1ee5c Qu\u1ea3n l\u00fd xu\u1ea5t nh\u1eadp c\u1ea3nh v\u00e0 c\u00e1c c\u01a1 quan nh\u00e0 n\u01b0\u1edbc c\u00f3 th\u1ea9m quy\u1ec1n v\u1ec1 vi\u1ec7c \u0111\u0103ng k\u00fd song t\u1ecbch cho Vi\u1ec7t Ki\u1ec1u kh\u00e1 d\u00e0i, t\u1eeb 4- 6 th\u00e1ng. Trong su\u1ed1t th\u1eddi gian n\u00e0y, H\u1ed3 s\u01a1 c\u00f3 th\u1ec3 \u0111\u01b0\u1ee3c y\u00eau c\u1ea7u t\u01b0\u1eddng tr\u00ecnh, b\u1ed5 sung gi\u1ea5y t\u1edd,\u2026<\/p>\n<p style=\"text-align: justify;\">V\u1edbi s\u1ef1 chuy\u00ean nghi\u1ec7p, kinh nghi\u1ec7m v\u00e0 uy t\u00edn, Ch\u00fang t\u00f4i cam k\u1ebft s\u1ebd \u0111\u1ed3ng h\u00e0nh c\u00f9ng Kh\u00e1ch h\u00e0ng trong su\u1ed1t th\u1eddi gian th\u1ef1c hi\u1ec7n th\u1ee7 t\u1ee5c cho \u0111\u1ebfn khi c\u00f3 k\u1ebft qu\u1ea3, theo \u0111\u00f3, th\u00f9 lao d\u1ecbch v\u1ee5 C\u00f4ng ty Lu\u1eadt th\u00f4ng b\u00e1o l\u00e0 th\u00f9 lao c\u1ed1 \u0111\u1ecbnh, tr\u1ecdn g\u00f3i v\u00e0 <strong>KH\u00d4NG ph\u00e1t sinh th\u00eam<\/strong><strong> chi ph\u00ed<\/strong>.<\/p>\n<p><img class=\"aligncenter size-full wp-image-9167\" src=\"https:\/\/www.cis.vn\/wp-content\/uploads\/2022\/01\/dich-vu-song-tich3.jpg\" alt=\"\" width=\"680\" height=\"512\" \/><\/p>\n<p><span style=\"color: #000000;\"><strong>\u2666 Nhi\u1ec1u kinh nghi\u1ec7m v\u00e0 quan h\u1ec7 t\u1ed1t v\u1edbi c\u01a1 quan Nh\u00e0 n\u01b0\u1edbc<\/strong><\/span><\/p>\n<p style=\"text-align: justify;\">Nh\u1eb1m \u0111\u1ea3m b\u1ea3o c\u00e1c y\u00eau c\u1ea7u c\u1ee7a Kh\u00e1ch h\u00e0ng \u0111\u01b0\u1ee3c th\u1ef1c hi\u1ec7n m\u1ed9t c\u00e1ch nhanh nh\u1ea5t, thu\u1eadn ti\u1ec7n nh\u1ea5t v\u00e0 c\u00f3 k\u1ebft qu\u1ea3 cao nh\u1ea5t, C\u00f4ng ty Lu\u1eadt CIS \u0111\u00e3 x\u00e2y d\u1ef1ng m\u1ed1i quan h\u1ec7 t\u1ed1t \u0111\u1eb9p v\u1edbi c\u00e1c c\u01a1 quan Nh\u00e0 n\u01b0\u1edbc c\u00f3 th\u1ea9m quy\u1ec1n \u0111\u01b0\u1ee3c h\u01a1n 10 n\u0103m qua, theo \u0111\u00f3, c\u00e1c h\u1ed3 s\u01a1 do c\u00f4ng ty Lu\u1eadt th\u1ef1c hi\u1ec7n \u0111\u1ec1u \u0111\u01b0\u1ee3c c\u00e1n b\u1ed9 x\u1eed l\u00fd nhanh ch\u00f3ng.<\/p>\n<p><span style=\"color: #000000;\"><strong>\u2666 Quy tr\u00ecnh thanh to\u00e1n an to\u00e0n<\/strong><\/span><\/p>\n<p style=\"text-align: justify;\">Ti\u1ebfn \u0111\u1ed9 thanh to\u00e1n chi ph\u00ed d\u1ecbch v\u1ee5 \u0111\u0103ng k\u00fd song t\u1ecbch linh ho\u1ea1t, chia th\u00e0nh 2 \u0111\u1ee3t. C\u00e1c \u0111\u1ee3t thanh to\u00e1n \u0111\u1ec1u \u0111\u01b0\u1ee3c C\u00f4ng ty Lu\u1eadt cung c\u1ea5p Bi\u00ean nh\u1eadn.<\/p>\n<p><span style=\"color: #000000;\"><strong>\u2666 Hi\u1ec7u<\/strong><strong> qu\u1ea3<\/strong><\/span><\/p>\n<p style=\"text-align: justify;\">K\u1ebft qu\u1ea3 c\u1ee7a th\u1ee7 t\u1ee5c \u0111\u0103ng k\u00fd song t\u1ecbch l\u00e0 Vi\u1ec7t ki\u1ec1u \u0111\u01b0\u1ee3c mang hai qu\u1ed1c t\u1ecbch, theo \u0111\u00f3, Vi\u1ec7t ki\u1ec1u \u0111\u01b0\u1ee3c h\u01b0\u1edfng t\u1ea5t c\u1ea3 c\u00e1c \u01b0u \u0111\u00e3i, quy\u1ec1n l\u1ee3i v\u1ec1 kinh t\u1ebf, ch\u00ednh tr\u1ecb, ph\u00fac l\u1ee3i x\u00e3 h\u1ed9i c\u1ee7a c\u1ea3 hai qu\u1ed1c gia m\u00e0 Vi\u1ec7t ki\u1ec1u l\u00e0 c\u00f4ng d\u00e2n. C\u1ee5 th\u1ec3, \u1edf Vi\u1ec7t Nam, Vi\u1ec7t ki\u1ec1u \u0111\u01b0\u1ee3c:<\/p>\n<ul style=\"text-align: justify;\">\n<li>Sinh s\u1ed1ng, l\u00e0m vi\u1ec7c, h\u1ecdc t\u1eadp, \u0111\u01b0\u1ee3c ch\u0103m s\u00f3c s\u1ee9c kh\u1ecfe;<\/li>\n<li>\u0110\u1ee9ng t\u00ean v\u00e0 s\u1edf h\u1eefu c\u00f4ng ty;<\/li>\n<li>S\u1edf h\u1eefu v\u00e0 mua b\u00e1n b\u1ea5t \u0111\u1ed9ng s\u1ea3n;<\/li>\n<li>T\u1ef1 do xu\u1ea5t nh\u1eadp c\u1ea3nh v\u00e0 kh\u00f4ng gi\u1edbi h\u1ea1n th\u1eddi gian c\u01b0 tr\u00fa;<\/li>\n<li>B\u1ea3o l\u00e3nh ng\u01b0\u1eddi th\u00e2n,\u2026.v.v.<\/li>\n<\/ul>\n<p><img class=\"aligncenter size-full wp-image-9168\" src=\"https:\/\/www.cis.vn\/wp-content\/uploads\/2022\/01\/dich-vu-song-tich4.jpg\" alt=\"\" width=\"680\" height=\"511\" \/><\/p>\n<p><img class=\"aligncenter size-full wp-image-9169\" src=\"https:\/\/www.cis.vn\/wp-content\/uploads\/2022\/01\/dich-vu-song-tich5.jpg\" alt=\"\" width=\"680\" height=\"383\" \/><\/p>\n<p style=\"text-align: justify;\">Ngo\u00e0i ra,\u00a0C\u00f4ng ty Lu\u1eadt CIS\u00a0c\u00f2n cung c\u1ea5p nhi\u1ec1u d\u1ecbch v\u1ee5 kh\u00e1c d\u00e0nh cho<a href=\"https:\/\/www.cis.vn\/services-dich-vu\/overseas-vietnamese-viet-kieu-nguoi-nuoc-ngoai\/\" target=\"_blank\" rel=\"noopener\">\u00a0<span style=\"color: #ff6600;\"><strong>Vi\u1ec7t Ki\u1ec1u<\/strong><\/span><\/a>:\u00a0\u0110\u0103ng k\u00fd k\u1ebft h\u00f4n, Ly h\u00f4n, Th\u1ebb t\u1ea1m tr\u00fa, mua b\u00e1n nh\u00e0 \u0111\u1ea5t, gi\u1ea3i quy\u1ebft tranh ch\u1ea5p, \u0110\u1ea7u t\u01b0 \u2013 kinh doanh.<\/p>\n<p style=\"text-align: justify;\"><strong><em>T\u1ea5t c\u1ea3 nh\u1eefng g\u00ec Qu\u00fd Kh\u00e1ch h\u00e0ng c\u1ea7n l\u00e0m l\u00e0 li\u00ean h\u1ec7 v\u1edbi Ch\u00fang t\u00f4i \u0111\u1ec3 \u0111\u01b0\u1ee3c ph\u1ee5c v\u1ee5 tr\u1ecdn g\u00f3i!<\/em><\/strong><\/p>\n<p style=\"text-align: justify;\"><span style=\"color: #ff6600;\"><strong>PH\u00d2NG PH\u00c1P L\u00dd DOANH NGHI\u1ec6P \u2013 CIS LAW FIRM<\/strong><\/span><\/p>\n<p style=\"text-align: justify;\"><strong>109 Ho\u00e0ng Sa, P. \u0110a Kao, Qu\u1eadn 1, TP. H\u1ed3 Ch\u00ed Minh<br \/>\n<\/strong><strong>\u0110i\u1ec7n tho\u1ea1i: 028 3911 8581 \u2013 3911 8582\u00a0\u00a0\u00a0 \u00a0\u00a0\u00a0\u00a0\u00a0\u00a0\u00a0\u00a0\u00a0\u00a0\u00a0 Hotline: 0916 568 101<br \/>\n<\/strong><strong>Email:\u00a0<\/strong><a href=\"mailto:info@cis.vn\"><strong>info@cis.vn<\/strong><\/a><\/p>\n<\/div><\/div><\/div><div id=\"pgc-9162-0-1\"  class=\"panel-grid-cell\" ><div id=\"panel-9162-0-1-0\" class=\"so-panel widget widget_search panel-first-child\" data-index=\"1\" ><form role=\"search\" method=\"get\" class=\"search-form\" action=\"https:\/\/www.cis.vn\/en\/\">\n\t\t\t\t<label>\n\t\t\t\t\t<span class=\"screen-reader-text\">Search for:<\/span>\n\t\t\t\t\t<input type=\"search\" class=\"search-field\" placeholder=\"Search &hellip;\" value=\"\" name=\"s\" \/>\n\t\t\t\t<\/label>\n\t\t\t\t<input type=\"submit\" class=\"search-submit\" value=\"Search\" \/>\n\t\t\t<\/form><\/div><div id=\"panel-9162-0-1-1\" class=\"so-panel widget widget_nav_menu\" data-index=\"2\" ><h3 class=\"widget-title\">Our Services<\/h3><div class=\"menu-services_menu-container\"><ul id=\"menu-services_menu\" class=\"menu\"><li id=\"menu-item-2877\" class=\"menu-item menu-item-type-post_type menu-item-object-page menu-item-2877\"><a href=\"https:\/\/www.cis.vn\/en\/services-dich-vu\/apec-card-the-apec\/\">Apec card<\/a><\/li>\n<li id=\"menu-item-2878\" class=\"menu-item menu-item-type-post_type menu-item-object-page menu-item-2878\"><a href=\"https:\/\/www.cis.vn\/en\/services-dich-vu\/intellectual-property-so-huu-tri-tue\/\">Intellectual property<\/a><\/li>\n<li id=\"menu-item-2879\" class=\"menu-item menu-item-type-post_type menu-item-object-page menu-item-2879\"><a href=\"https:\/\/www.cis.vn\/en\/services-dich-vu\/enterprise-advise-tu-van-doanh-nghiep\/\">Enterprises consultancy<\/a><\/li>\n<li id=\"menu-item-2880\" class=\"menu-item menu-item-type-post_type menu-item-object-page menu-item-2880\"><a href=\"https:\/\/www.cis.vn\/en\/services-dich-vu\/investment-license-giay-phep-dau-tu\/\">Investment Registration Certificate<\/a><\/li>\n<li id=\"menu-item-2881\" class=\"menu-item menu-item-type-post_type menu-item-object-page menu-item-2881\"><a href=\"https:\/\/www.cis.vn\/en\/services-dich-vu\/luat-su-tranh-tung\/\">Litigation Attorneys<\/a><\/li>\n<li id=\"menu-item-2882\" class=\"menu-item menu-item-type-post_type menu-item-object-page menu-item-2882\"><a href=\"https:\/\/www.cis.vn\/en\/services-dich-vu\/overseas-vietnamese-viet-kieu-nguoi-nuoc-ngoai\/\">Overseas Vietnamese<\/a><\/li>\n<li id=\"menu-item-2965\" class=\"menu-item menu-item-type-post_type menu-item-object-page menu-item-2965\"><a href=\"https:\/\/www.cis.vn\/en\/services-dich-vu\/temporary-residence-card-the-tam-tru\/\">Temporary residence card<\/a><\/li>\n<li id=\"menu-item-2890\" class=\"menu-item menu-item-type-post_type menu-item-object-page menu-item-2890\"><a href=\"https:\/\/www.cis.vn\/en\/services-dich-vu\/labour-disputes-settlement-giai-quyet-tranh-chap-lao-dong\/\">Labour disputes settlement<\/a><\/li>\n<li id=\"menu-item-2883\" class=\"menu-item menu-item-type-post_type menu-item-object-page menu-item-2883\"><a href=\"https:\/\/www.cis.vn\/en\/services-dich-vu\/work-permits-giay-phep-lao-dong\/\">Work permits<\/a><\/li>\n<\/ul><\/div><\/div><style>.rpwe-block ul{\nlist-style: none !important;\nmargin-left: 0 !important;\npadding-left: 0 !important;\n}\n\n.rpwe-block li{\nborder-bottom: 1px solid #eee;\nmargin-bottom: 10px;\npadding-bottom: 10px;\nlist-style-type: none;\n}\n\n.rpwe-block a{\ndisplay: inline !important;\ntext-decoration: none;\n}\n\n.rpwe-block h3{\nbackground: none !important;\nclear: none;\nmargin-bottom: 0 !important;\nmargin-top: 0 !important;\nfont-weight: 400;\nfont-size: 14px !important;\nline-height: 1.5em;\n}\n\n.rpwe-thumb{\nborder: 1px solid #eee !important;\nbox-shadow: none !important;\nmargin: 2px 10px 2px 0;\npadding: 3px !important;\n}\n\n.rpwe-summary{\nfont-size: 12px;\n}\n\n.rpwe-time{\ncolor: #bbb;\nfont-size: 11px;\n}\n\n.rpwe-comment{\ncolor: #bbb;\nfont-size: 11px;\npadding-left: 5px;\n}\n\n.rpwe-alignleft{\ndisplay: inline;\nfloat: left;\n}\n\n.rpwe-alignright{\ndisplay: inline;\nfloat: right;\n}\n\n.rpwe-aligncenter{\ndisplay: block;\nmargin-left: auto;\nmargin-right: auto;\n}\n\n.rpwe-clearfix:before,\n.rpwe-clearfix:after{\ncontent: \"\";\ndisplay: table !important;\n}\n\n.rpwe-clearfix:after{\nclear: both;\n}\n\n.rpwe-clearfix{\nzoom: 1;\n}\n<\/style><div id=\"panel-9162-0-1-3\" class=\"so-panel widget widget_nav_menu panel-last-child\" data-index=\"4\" ><h3 class=\"widget-title\">Main services<\/h3><div class=\"menu-dich-vu-chuyen-nghiep-container\"><ul id=\"menu-dich-vu-chuyen-nghiep\" class=\"menu\"><li id=\"menu-item-8046\" class=\"menu-item menu-item-type-post_type menu-item-object-page menu-item-8046\"><a href=\"https:\/\/www.cis.vn\/en\/dich-vu-xin-cap-the-apec-tai-cong-ty-luat-cis\/\">Service of APEC Card at CIS Law Firm<\/a><\/li>\n<li id=\"menu-item-8048\" class=\"menu-item menu-item-type-post_type menu-item-object-page menu-item-8048\"><a href=\"https:\/\/www.cis.vn\/en\/dang-ky-thuong-hieu-tai-cong-ty-luat-cis\/\">Register a trademark at CIS Law Firm<\/a><\/li>\n<li id=\"menu-item-8050\" class=\"menu-item menu-item-type-post_type menu-item-object-page menu-item-8050\"><a href=\"https:\/\/www.cis.vn\/en\/dich-vu-dang-ky-ban-quyen-tai-cong-ty-luat-cis\/\">Copyright registration services at Cis Law Firm<\/a><\/li>\n<li id=\"menu-item-8049\" class=\"menu-item menu-item-type-post_type menu-item-object-page menu-item-8049\"><a href=\"https:\/\/www.cis.vn\/en\/dich-vu-tu-van-dau-tu\/\">Foreign Investment consultancy services<\/a><\/li>\n<li id=\"menu-item-8047\" class=\"menu-item menu-item-type-post_type menu-item-object-page menu-item-8047\"><a href=\"https:\/\/www.cis.vn\/en\/dich-vu-lam-giay-phep-lao-dong-cho-nguoi-nuoc-ngoai\/\">Service of work permit for foreigners<\/a><\/li>\n<li id=\"menu-item-9202\" class=\"menu-item menu-item-type-post_type menu-item-object-page menu-item-9202\"><a href=\"https:\/\/www.cis.vn\/en\/dich-vu-tu-van-doanh-nghiep\/\">Enterprise consulting service<\/a><\/li>\n<li id=\"menu-item-9203\" class=\"menu-item menu-item-type-post_type menu-item-object-page menu-item-9203\"><a href=\"https:\/\/www.cis.vn\/en\/dich-vu-dang-ky-website-ung-dung-voi-bo-cong-thuong\/\">Website\/app registration service with the Ministry of Industry and Trade<\/a><\/li>\n<li id=\"menu-item-9204\" class=\"menu-item menu-item-type-post_type menu-item-object-page menu-item-9204\"><a href=\"https:\/\/www.cis.vn\/en\/dich-vu-lam-the-tam-tru-cho-nguoi-nuoc-ngoai\/\">Temporary residence card for foreigner<\/a><\/li>\n<li id=\"menu-item-9205\" class=\"menu-item menu-item-type-post_type menu-item-object-page menu-item-9205\"><a href=\"https:\/\/www.cis.vn\/en\/dich-vu-dang-ky-song-tich-cho-viet-kieu-cua-cong-ty-luat-cis\/\">Dual citizenship registration service for overseas Vietnamese of CIS Law Firm<\/a><\/li>\n<\/ul><\/div><\/div><\/div><\/div><\/div>","protected":false},"excerpt":{"rendered":"<p>1. V\u1ec1 C\u00f4ng ty Lu\u1eadt CIS C\u00f4ng ty Lu\u1eadt CIS l\u00e0 c\u00f4ng ty lu\u1eadt \u0111\u01b0\u1ee3c S\u1edf T\u01b0 ph\u00e1p Th\u00e0nh ph\u1ed1 H\u1ed3 Ch\u00ed Minh cho ph\u00e9p th\u00e0nh l\u1eadp v\u00e0o n\u0103m 2008. V\u1edbi \u0111\u1ed9i ng\u0169 lu\u1eadt s\u01b0 uy t\u00edn, nhi\u1ec1u kinh nghi\u1ec7m c\u00f9ng v\u1edbi c\u00e1c chuy\u00ean vi\u00ean, nh\u00e2n vi\u00ean c\u00f3 ki\u1ebfn th\u1ee9c chuy\u00ean m\u00f4n v\u1eefng v\u00e0ng, n\u0103ng \u0111\u1ed9ng, t\u1eadn t\u00e2m, C\u00f4ng ty Lu\u1eadt CIS t\u1ef1 h\u00e0o l\u00e0 m\u1ed9t trong nh\u1eefng h\u00e3ng lu\u1eadt&hellip; <\/p>\n","protected":false},"author":1,"featured_media":0,"parent":0,"menu_order":0,"comment_status":"closed","ping_status":"closed","template":"layouts\/page-fullwidth.php","meta":[],"_links":{"self":[{"href":"https:\/\/www.cis.vn\/en\/wp-json\/wp\/v2\/pages\/9162"}],"collection":[{"href":"https:\/\/www.cis.vn\/en\/wp-json\/wp\/v2\/pages"}],"about":[{"href":"https:\/\/www.cis.vn\/en\/wp-json\/wp\/v2\/types\/page"}],"author":[{"embeddable":true,"href":"https:\/\/www.cis.vn\/en\/wp-json\/wp\/v2\/users\/1"}],"replies":[{"embeddable":true,"href":"https:\/\/www.cis.vn\/en\/wp-json\/wp\/v2\/comments?post=9162"}],"version-history":[{"count":15,"href":"https:\/\/www.cis.vn\/en\/wp-json\/wp\/v2\/pages\/9162\/revisions"}],"predecessor-version":[{"id":9172,"href":"https:\/\/www.cis.vn\/en\/wp-json\/wp\/v2\/pages\/9162\/revisions\/9172"}],"wp:attachment":[{"href":"https:\/\/www.cis.vn\/en\/wp-json\/wp\/v2\/media?parent=9162"}],"curies":[{"name":"wp","href":"https:\/\/api.w.org\/{rel}","templated":true}]}}